{"id":3522,"date":"2021-08-31T13:12:10","date_gmt":"2021-08-31T06:12:10","guid":{"rendered":"https:\/\/epc1.hdcvina.com\/?post_type=product&#038;p=3522"},"modified":"2021-10-18T10:03:23","modified_gmt":"2021-10-18T03:03:23","slug":"switchgear","status":"publish","type":"product","link":"https:\/\/pc1epc.vn\/en\/san-pham\/switchgear","title":{"rendered":"Switchgear, GIS"},"content":{"rendered":"<p>UniGear, GIS, HGIS l\u00e0 thi\u1ebft b\u1ecb \u0111\u00f3ng c\u1eaft trung th\u1ebf, cao th\u1ebf<\/p>\n<ul>\n<li>Nh\u00e0 cung c\u1ea5p: ABB, Siemens,&#8230;<\/li>\n<\/ul>\n<p><strong>T\u1ee7 Unigear ZS1,SVC<\/strong><\/p>\n<ul>\n<li>C\u00e1p \u0111i\u1ec7n \u00e1p l\u00ean t\u1edbi 36kV ( 40,5kV)<\/li>\n<li>C\u1ea5u t\u1ea1o c\u01a1 b\u1ea3n bao g\u1ed3m:<br \/>\n&#8211; M\u00e1y c\u1eaft ch\u00e2n kh\u00f4ng c\u00f3 th\u1ec3 r\u00fat \u0111\u01b0\u1ee3c v\u1edbi thi\u1ebft b\u1ecb truy\u1ec1n \u0111\u1ed9ng c\u01a1 h\u1ecdc ho\u1eb7c t\u1eeb t\u00ednh<br \/>\n&#8211; M\u1ea1ch ng\u1eaft \u0111i\u1ec7n kh\u00f4ng kh\u00ed c\u00f3 th\u1ec3 r\u00fat \u0111\u01b0\u1ee3c<br \/>\n&#8211; B\u1ed9 ti\u1ebfp \u0111i\u1ec3m ch\u00e2n kh\u00f4ng c\u00f3 th\u1ec3 r\u00fat \u0111\u01b0\u1ee3c v\u1edbi c\u1ea7u ch\u00ec<br \/>\n&#8211; Li\u00ean \u0111\u1ed9ng c\u01a1 kh\u00ed, TU, TI<\/li>\n<\/ul>\n<p><img loading=\"lazy\" decoding=\"async\" class=\" wp-image-3542 aligncenter\" src=\"https:\/\/epc1.hdcvina.com\/wp-content\/uploads\/2021\/08\/SW3.png\" alt=\"\" width=\"709\" height=\"434\" srcset=\"https:\/\/pc1epc.vn\/wp-content\/uploads\/2021\/08\/SW3.png 1053w, https:\/\/pc1epc.vn\/wp-content\/uploads\/2021\/08\/SW3-510x312.png 510w, https:\/\/pc1epc.vn\/wp-content\/uploads\/2021\/08\/SW3-653x400.png 653w, https:\/\/pc1epc.vn\/wp-content\/uploads\/2021\/08\/SW3-768x470.png 768w, https:\/\/pc1epc.vn\/wp-content\/uploads\/2021\/08\/SW3-600x368.png 600w\" sizes=\"auto, (max-width: 709px) 100vw, 709px\" \/><\/p>\n<p><strong>T\u1ee7 GIS<\/strong><\/p>\n<ul>\n<li>D\u00f9ng cho l\u01b0\u1edbi\u00a0 l\u00ean t\u1edbi 36kV (40,5kV)<\/li>\n<li>\u1ee8ng d\u1ee5ng r\u1ed9ng r\u00e3i b\u1ea3o v\u1ec7, \u0111i\u1ec1u khi\u1ec3n, k\u1ebft n\u1ed1i trong tr\u1ea1m \u0111i\u1ec7n<\/li>\n<li>B\u1ed9 ng\u1eaft m\u1ea1ch ch\u00e2n kh\u00f4ng v\u00e0 SF6<\/li>\n<li>CT \/ VT truy\u1ec1n th\u1ed1ng v\u00e0 c\u1ea3m bi\u1ebfn<\/li>\n<li>Gi\u1ea3i ph\u00e1p \u0111\u1ed9c l\u1eadp, \u0111\u1ea3m b\u1ea3o \u0111\u1ed9 an to\u00e0n cao trong v\u1eadn h\u00e0nh<\/li>\n<li>S\u1ea3n xu\u1ea5t theo ti\u00eau chu\u1ea9n IEC<br \/>\n<img loading=\"lazy\" decoding=\"async\" class=\"wp-image-3776 aligncenter\" src=\"https:\/\/epc1.hdcvina.com\/wp-content\/uploads\/2021\/08\/gis-mv.jpg\" alt=\"\" width=\"584\" height=\"468\" \/><\/li>\n<\/ul>\n<p><strong>T\u1ee7 HGIS\u00a0<\/strong><\/p>\n<ul>\n<li>D\u00f9ng cho l\u01b0\u1edbi cao th\u1ebf 110kV, 220kV, 500kV<\/li>\n<li>\u1ee8ng d\u1ee5ng r\u1ed9ng r\u00e3i b\u1ea3o v\u1ec7, \u0111i\u1ec1u khi\u1ec3n, k\u1ebft n\u1ed1i tai c\u00e1c tr\u1ea1m c\u00f4ng su\u1ea5t l\u1edbn, tr\u1ea1m bi\u1ebfn \u00e1p tr\u1ecdng \u0111i\u1ec3m qu\u1ed1c gia<\/li>\n<li>B\u1ed9 ng\u1eaft m\u1ea1ch SF6<\/li>\n<li>Gi\u1ea3i ph\u00e1p \u0111\u1ed9c l\u1eadp, \u0111\u1ea3m b\u1ea3o \u0111\u1ed9 an to\u00e0n cao trong v\u1eadn h\u00e0nh<\/li>\n<li>S\u1ea3n xu\u1ea5t theo ti\u00eau chu\u1ea9n IEC<br \/>\n<img loading=\"lazy\" decoding=\"async\" class=\" wp-image-3775\" src=\"https:\/\/epc1.hdcvina.com\/wp-content\/uploads\/2021\/08\/ABB_GIS_420_kV-1200x800.jpg\" alt=\"\" width=\"727\" height=\"484\" srcset=\"https:\/\/pc1epc.vn\/wp-content\/uploads\/2021\/08\/ABB_GIS_420_kV-1200x800.jpg 1200w, https:\/\/pc1epc.vn\/wp-content\/uploads\/2021\/08\/ABB_GIS_420_kV-scaled-510x340.jpg 510w, https:\/\/pc1epc.vn\/wp-content\/uploads\/2021\/08\/ABB_GIS_420_kV-600x400.jpg 600w, https:\/\/pc1epc.vn\/wp-content\/uploads\/2021\/08\/ABB_GIS_420_kV-768x512.jpg 768w, https:\/\/pc1epc.vn\/wp-content\/uploads\/2021\/08\/ABB_GIS_420_kV-1536x1024.jpg 1536w, https:\/\/pc1epc.vn\/wp-content\/uploads\/2021\/08\/ABB_GIS_420_kV-2048x1365.jpg 2048w\" sizes=\"auto, (max-width: 727px) 100vw, 727px\" \/><\/li>\n<\/ul>\n","protected":false},"excerpt":{"rendered":"<p>\u1ee8ng d\u1ee5ng<\/p>\n<p>UniGear, GIS, HGIS \u0111\u01b0\u1ee3c s\u1eed d\u1ee5ng t\u1ea1i c\u00e1c tr\u1ea1m \u0111i\u1ec7n cao th\u1ebf, trung th\u1ebf.<\/p>\n<ul>\n<li>L\u1eafp d\u1eb7t ngo\u00e0i kh\u01a1i, trong container ho\u1eb7c t\u00e0u du l\u1ecbch.<\/li>\n<li>Trong h\u1ea7m m\u1ecf c\u0169ng nh\u01b0 trong c\u00e1c tr\u1ea1m bi\u1ebfn \u00e1p , nh\u00e0 m\u00e1y \u0111i\u1ec7n, tr\u1ea1m khu m\u00e1y c\u00f4ng nghi\u1ec7p.<\/li>\n<li>Linh ho\u1ea1t trong vi\u1ec7c m\u1edf r\u1ed9ng, ph\u00e2n nh\u00e1nh ph\u1ee5 t\u1ea3i.<\/li>\n<li>T\u00edch h\u1ee3p t\u00ednh n\u0103ng b\u1ea3o v\u1ec7, c\u1ea3nh b\u00e1o t\u00e1c \u0111\u1ed9ng k\u1ecbp th\u1eddi khi c\u00f3 s\u1ef1 c\u1ed1.<\/li>\n<li>T\u00edch h\u1ee3p truy\u1ec1n th\u00f4ng d\u1eef li\u1ec7u SCADA, ph\u1ee5c v\u1ee5 qu\u1ea3n l\u00ed v\u1eadn h\u00e0nh d\u1ebd d\u00e0ng.<\/li>\n<\/ul>\n<p>&nbsp;<\/p>\n","protected":false},"featured_media":3778,"comment_status":"open","ping_status":"closed","template":"","meta":[],"product_brand":[],"product_cat":[15,356,350],"product_tag":[],"yst_prominent_words":[],"class_list":{"0":"post-3522","1":"product","2":"type-product","3":"status-publish","4":"has-post-thumbnail","6":"product_cat-thiet-bi-nhat-thu","7":"product_cat-switchgear","8":"product_cat-thiet-bi-tram","10":"first","11":"instock","12":"shipping-taxable","13":"product-type-simple"},"_links":{"self":[{"href":"https:\/\/pc1epc.vn\/en\/wp-json\/wp\/v2\/product\/3522","targetHints":{"allow":["GET"]}}],"collection":[{"href":"https:\/\/pc1epc.vn\/en\/wp-json\/wp\/v2\/product"}],"about":[{"href":"https:\/\/pc1epc.vn\/en\/wp-json\/wp\/v2\/types\/product"}],"replies":[{"embeddable":true,"href":"https:\/\/pc1epc.vn\/en\/wp-json\/wp\/v2\/comments?post=3522"}],"wp:featuredmedia":[{"embeddable":true,"href":"https:\/\/pc1epc.vn\/en\/wp-json\/wp\/v2\/media\/3778"}],"wp:attachment":[{"href":"https:\/\/pc1epc.vn\/en\/wp-json\/wp\/v2\/media?parent=3522"}],"wp:term":[{"taxonomy":"product_brand","embeddable":true,"href":"https:\/\/pc1epc.vn\/en\/wp-json\/wp\/v2\/product_brand?post=3522"},{"taxonomy":"product_cat","embeddable":true,"href":"https:\/\/pc1epc.vn\/en\/wp-json\/wp\/v2\/product_cat?post=3522"},{"taxonomy":"product_tag","embeddable":true,"href":"https:\/\/pc1epc.vn\/en\/wp-json\/wp\/v2\/product_tag?post=3522"},{"taxonomy":"yst_prominent_words","embeddable":true,"href":"https:\/\/pc1epc.vn\/en\/wp-json\/wp\/v2\/yst_prominent_words?post=3522"}],"curies":[{"name":"wp","href":"https:\/\/api.w.org\/{rel}","templated":true}]}}