{"id":3405,"date":"2021-08-31T10:19:12","date_gmt":"2021-08-31T03:19:12","guid":{"rendered":"https:\/\/epc1.hdcvina.com\/?post_type=product&#038;p=3405"},"modified":"2025-08-16T03:07:54","modified_gmt":"2025-08-15T20:07:54","slug":"phu-kien-cap-ngam-bien","status":"publish","type":"product","link":"https:\/\/pc1epc.vn\/en\/san-pham\/phu-kien-cap-ngam-bien","title":{"rendered":"Ph\u1ee5 ki\u1ec7n c\u00e1p ng\u1ea7m bi\u1ec3n"},"content":{"rendered":"<p>Ph\u1ee5 ki\u1ec7n c\u00e1p ng\u1ea7m bi\u1ec3n<\/p>\n<ul>\n<li>\u0110i\u1ec7n \u00e1p l\u00e0m vi\u1ec7c:\u00a0 l\u00ean t\u1edbi 500kV<\/li>\n<li>D\u00f2ng s\u1ea3n ph\u1ea9m: H\u1ed9p n\u1ed1i c\u00e1p,\u0110\u1ea7u n\u1ed1i c\u00e1p,B\u1ed9 u\u1ed1n con<br \/>\nH\u1ed9p n\u1ed1i, H\u1ed9p li\u00ean k\u1ebft, M\u00e0ng b\u1ea3o v\u1ec7, v\u1ecb tr\u00ed kh\u1edbp n\u1ed1i, \u0110\u1ea7u c\u00e1p, Thi\u1ebft b\u1ecb h\u1ed7 tr\u1ee3 m\u1ed1i n\u1ed1i, \u0111\u1ea7u k\u00e9o gi\u1eef c\u00e1p, \u1ed0ng \u0111ai, \u1ed1ng d\u1eabn c\u00e1p l\u00ean<span class=\"fontstyle0\"><br \/>\n<\/span><img loading=\"lazy\" decoding=\"async\" class=\"wp-image-3446 size-large aligncenter\" src=\"https:\/\/epc1.hdcvina.com\/wp-content\/uploads\/2021\/08\/Capture2-1400x629.png\" alt=\"\" width=\"1020\" height=\"458\" srcset=\"https:\/\/pc1epc.vn\/wp-content\/uploads\/2021\/08\/Capture2-1400x629.png 1400w, https:\/\/pc1epc.vn\/wp-content\/uploads\/2021\/08\/Capture2-510x229.png 510w, https:\/\/pc1epc.vn\/wp-content\/uploads\/2021\/08\/Capture2-800x359.png 800w, https:\/\/pc1epc.vn\/wp-content\/uploads\/2021\/08\/Capture2-768x345.png 768w, https:\/\/pc1epc.vn\/wp-content\/uploads\/2021\/08\/Capture2-1536x690.png 1536w, https:\/\/pc1epc.vn\/wp-content\/uploads\/2021\/08\/Capture2-600x269.png 600w, https:\/\/pc1epc.vn\/wp-content\/uploads\/2021\/08\/Capture2.png 960w\" sizes=\"auto, (max-width: 1020px) 100vw, 1020px\" \/><\/li>\n<\/ul>\n","protected":false},"excerpt":{"rendered":"<p>\u1ee8ng d\u1ee5ng<\/p>\n<ul>\n<li>Ph\u00f9 h\u1ee3p l\u1eafp \u0111\u1eb7t m\u1edbi c\u00e1c tuy\u1ebfn c\u00e1p, r\u1ebd nh\u00e1nh tuy\u1ebfn c\u00e1p<\/li>\n<li>Ph\u1ee5c v\u1ee5 cho c\u00f4ng t\u00e1c s\u1eeda ch\u1eefa, b\u1ea3o d\u01b0\u1ee1ng \u0111\u1ea5u n\u1ed1i c\u00e1p ng\u1ea7m bi\u1ec3n khi c\u00f3 s\u1ef1 c\u1ed1<\/li>\n<li>Ch\u1ecbu \u0111\u01b0\u1ee3c c\u00e1c t\u00e1c \u0111\u1ed9ng kh\u1eafc nghi\u1ec7t t\u1eeb m\u00f4i tr\u01b0\u1eddng bi\u1ec3n, tu\u1ed5i th\u1ecd cao<\/li>\n<li>D\u1ec5 d\u00e0ng l\u1eafp \u0111\u1eb7t, thay th\u1ebf, b\u1ed5 sung.<\/li>\n<\/ul>\n","protected":false},"featured_media":3337,"comment_status":"open","ping_status":"closed","template":"","meta":[],"product_brand":[],"product_cat":[370],"product_tag":[461,462,500],"yst_prominent_words":[],"class_list":{"0":"post-3405","1":"product","2":"type-product","3":"status-publish","4":"has-post-thumbnail","6":"product_cat-giai-phap","7":"product_tag-giai-phap-cap-ngam","8":"product_tag-phu-kien-cap-ngam","9":"product_tag-phu-kien-cap-ngam-bien","11":"first","12":"instock","13":"shipping-taxable","14":"product-type-simple"},"_links":{"self":[{"href":"https:\/\/pc1epc.vn\/en\/wp-json\/wp\/v2\/product\/3405","targetHints":{"allow":["GET"]}}],"collection":[{"href":"https:\/\/pc1epc.vn\/en\/wp-json\/wp\/v2\/product"}],"about":[{"href":"https:\/\/pc1epc.vn\/en\/wp-json\/wp\/v2\/types\/product"}],"replies":[{"embeddable":true,"href":"https:\/\/pc1epc.vn\/en\/wp-json\/wp\/v2\/comments?post=3405"}],"wp:featuredmedia":[{"embeddable":true,"href":"https:\/\/pc1epc.vn\/en\/wp-json\/wp\/v2\/media\/3337"}],"wp:attachment":[{"href":"https:\/\/pc1epc.vn\/en\/wp-json\/wp\/v2\/media?parent=3405"}],"wp:term":[{"taxonomy":"product_brand","embeddable":true,"href":"https:\/\/pc1epc.vn\/en\/wp-json\/wp\/v2\/product_brand?post=3405"},{"taxonomy":"product_cat","embeddable":true,"href":"https:\/\/pc1epc.vn\/en\/wp-json\/wp\/v2\/product_cat?post=3405"},{"taxonomy":"product_tag","embeddable":true,"href":"https:\/\/pc1epc.vn\/en\/wp-json\/wp\/v2\/product_tag?post=3405"},{"taxonomy":"yst_prominent_words","embeddable":true,"href":"https:\/\/pc1epc.vn\/en\/wp-json\/wp\/v2\/yst_prominent_words?post=3405"}],"curies":[{"name":"wp","href":"https:\/\/api.w.org\/{rel}","templated":true}]}}