{"id":3060,"date":"2021-08-26T10:30:08","date_gmt":"2021-08-26T03:30:08","guid":{"rendered":"https:\/\/epc1.hdcvina.com\/?post_type=product&#038;p=3060"},"modified":"2025-11-21T18:10:17","modified_gmt":"2025-11-21T11:10:17","slug":"du-bao-cong-suat","status":"publish","type":"product","link":"https:\/\/pc1epc.vn\/en\/san-pham\/du-bao-cong-suat","title":{"rendered":"H\u1ec7 th\u1ed1ng d\u1ef1 b\u00e1o c\u00f4ng su\u1ea5t \u0111i\u1ec7n"},"content":{"rendered":"<p><strong>D\u1ef1 b\u00e1o c\u00f4ng su\u1ea5t \u0111i\u1ec7n gi\u00f3, \u0111i\u1ec7n m\u1eb7t tr\u1eddi<\/strong><\/p>\n<ul>\n<li>D\u1ef1 b\u00e1o s\u1ea3n l\u01b0\u1ee3ng \u0111i\u1ec7n s\u1ea3n xu\u1ea5t trong t\u01b0\u01a1ng lai cho nh\u00e0 m\u00e1y \u0111i\u1ec7n m\u1eb7t tr\u1eddi, nh\u00e0 m\u00e1y \u0111i\u1ec7n gi\u00f3 d\u1ef1a v\u00e0o d\u1eef li\u1ec7u th\u1eddi ti\u1ebft v\u00e0 th\u00f4ng tin nh\u00e0 m\u00e1y.<\/li>\n<\/ul>\n<p><span class=\"fontstyle0\"><strong>\u00a0Vai tr\u00f2 c\u1ee7a d\u1ef1 b\u00e1o s\u1ea3n l\u01b0\u1ee3ng \u0111i\u1ec7n n\u0103ng l\u01b0\u1ee3ng t\u00e1i t\u1ea1o<\/strong><\/span><\/p>\n<p><span class=\"fontstyle2\">\u00a0\u2022 M\u1ee9c \u0111\u1ed9 ch\u00ednh x\u00e1c trong d\u1ef1 b\u00e1o s\u1ea3n l\u01b0\u1ee3ng n\u0103ng l\u01b0\u1ee3ng \u0111i\u1ec7n c\u00f3 t\u1ea7m quan tr\u1ecdng \u0111\u1eb7c bi\u1ec7t \u0111\u1ed1i v\u1edbi vi\u1ec7c v\u1eadn h\u00e0nh h\u1ec7 th\u1ed1ng \u0111i\u1ec7n m\u1ed9t c\u00e1ch t\u1ed1i \u01b0u,<\/span><span class=\"fontstyle2\">\u00a0mang l\u1ea1i l\u1ee3i \u00edch cho c\u1ea3 \u0111\u01a1n v\u1ecb ph\u00e1t \u0111i\u1ec7n v\u00e0 \u0111\u01a1n v\u1ecb v\u1eadn h\u00e0nh h\u1ec7 th\u1ed1ng.<\/span><span class=\"fontstyle2\"><br \/>\n<\/span><\/p>\n<table class=\"NormalTable\" style=\"height: 184px;\" width=\"988\">\n<tbody>\n<tr>\n<td width=\"200\"><span class=\"fontstyle3\">Mua b\u00e1n \u0111i\u1ec7n tr\u00ean th\u1ecb tr\u01b0\u1eddng giao ngay<\/span><\/td>\n<td width=\"200\"><span class=\"fontstyle3\">L\u1ee2I \u00cdCH CHO<br \/>\n\u0110\u01a0N V\u1eca PH\u00c1T \u0110I\u1ec6N<\/span><\/td>\n<td width=\"200\"><span class=\"fontstyle3\">L\u1ef1a ch\u1ecdn \u0111\u1ecba \u0111i\u1ec3m x\u00e2y d\u1ef1ng nh\u00e0 m\u00e1y<\/span><\/td>\n<\/tr>\n<tr>\n<td width=\"200\"><span class=\"fontstyle3\">\u0110\u1ed9 \u1ed5n \u0111\u1ecbnh c\u1ee7a h\u1ec7 th\u1ed1ng <\/span><\/td>\n<td width=\"200\"><span class=\"fontstyle3\">L\u1ee2I \u00cdCH CHO<br \/>\n\u0110\u01a0N V\u1eca V\u1eacN H\u00c0NH H\u1ec6 TH\u1ed0NG <\/span><\/td>\n<td width=\"200\"><span class=\"fontstyle3\">Quy ho\u1ea1ch h\u1ec7 th\u1ed1ng<\/span><\/td>\n<\/tr>\n<tr>\n<td width=\"200\"><span class=\"fontstyle3\">D\u1ef0 B\u00c1O NG\u1eaeN H\u1ea0N <\/span><\/td>\n<td width=\"200\"><span class=\"fontstyle3\">D\u1ef0 B\u00c1O D\u00c0I H\u1ea0N<\/span><\/td>\n<\/tr>\n<\/tbody>\n<\/table>\n<p><img loading=\"lazy\" decoding=\"async\" class=\" wp-image-3062 aligncenter\" src=\"https:\/\/epc1.hdcvina.com\/wp-content\/uploads\/2021\/08\/1-Copy.png\" alt=\"\" width=\"436\" height=\"259\" srcset=\"https:\/\/pc1epc.vn\/wp-content\/uploads\/2021\/08\/1-Copy.png 1031w, https:\/\/pc1epc.vn\/wp-content\/uploads\/2021\/08\/1-Copy-510x303.png 510w, https:\/\/pc1epc.vn\/wp-content\/uploads\/2021\/08\/1-Copy-673x400.png 673w, https:\/\/pc1epc.vn\/wp-content\/uploads\/2021\/08\/1-Copy-768x457.png 768w, https:\/\/pc1epc.vn\/wp-content\/uploads\/2021\/08\/1-Copy-600x357.png 600w\" sizes=\"auto, (max-width: 436px) 100vw, 436px\" \/><\/p>\n<ul>\n<li><span class=\"fontstyle0\">C\u00e1c ph\u01b0\u01a1ng ph\u00e1p v\u00e0 \u1ee9ng d\u1ee5ng trong d\u1ef1 b\u00e1o s\u1ea3n l\u01b0\u1ee3ng \u0111i\u1ec7n<br \/>\n<\/span><\/li>\n<\/ul>\n<table class=\"NormalTable\" style=\"height: 306px;\" width=\"985\">\n<tbody>\n<tr>\n<td width=\"200\"><span class=\"fontstyle2\">Khung th\u1eddi gian <\/span><\/td>\n<td width=\"200\"><span class=\"fontstyle2\">Ph\u01b0\u01a1ng ph\u00e1p <\/span><\/td>\n<td width=\"200\"><span class=\"fontstyle2\">\u1ee8ng d\u1ee5ng<\/span><\/td>\n<\/tr>\n<tr>\n<td width=\"200\"><span class=\"fontstyle3\">D\u1ef1 b\u00e1o<br \/>\ns\u1ea3n l\u01b0\u1ee3ng \u0111i\u1ec7n<\/span><\/td>\n<td width=\"200\"><span class=\"fontstyle3\">Tr\u01b0\u1edbc 5-60 ph\u00fat <\/span><\/td>\n<td width=\"200\">Theo d\u00f5i xu h\u01b0\u1edbng bi\u1ebfn thi\u00ean c\u00f4ng su\u1ea5t trong th\u1eddi gian ng\u1eafn.<\/td>\n<td width=\"200\"><span class=\"fontstyle3\">\u0110i\u1ec1u khi\u1ec3n, \u0111i\u1ec1u ti\u1ebft theo th\u1eddi gian th\u1ef1c<\/span><\/td>\n<\/tr>\n<tr>\n<td width=\"200\"><span class=\"fontstyle3\">Tr\u01b0\u1edbc 1-4 gi\u1edd <\/span><\/td>\n<td width=\"200\"><span class=\"fontstyle3\">K\u1ebft h\u1ee3p m\u00f4 h\u00ecnh d\u1ef1 b\u00e1o th\u1eddi<br \/>\nti\u1ebft s\u1ed1 tr\u1ecb ( NWP v\u00e0 th\u1ed1ng k\u00ea )<\/span><\/td>\n<td width=\"200\"><span class=\"fontstyle3\">L\u1eadp l\u1ecbch, ph\u00e1t theo t\u1ea3i,<br \/>\nqu\u1ea3n l\u00fd qu\u00e1 t\u1ea3i h\u1ec7 th\u1ed1ng<\/span><\/td>\n<\/tr>\n<tr>\n<td width=\"200\"><span class=\"fontstyle3\">Tr\u01b0\u1edbc 1 v\u00e0i ng\u00e0y <\/span><\/td>\n<td width=\"200\"><span class=\"fontstyle3\">NWP<br \/>\n( Numerical Weather Prediction )<\/span><\/td>\n<td width=\"200\"><span class=\"fontstyle3\">L\u1eadp l\u1ecbch, y\u00eau c\u1ea7u huy \u0111\u1ed9ng ngu\u1ed3n d\u1ef1 ph\u00f2ng,<br \/>\nmua b\u00e1n \u0111i\u1ec7n, qu\u1ea3n l\u00fd qu\u00e1 t\u1ea3i h\u1ec7 th\u1ed1ng<\/span><\/td>\n<\/tr>\n<tr>\n<td width=\"200\"><span class=\"fontstyle3\">Tr\u01b0\u1edbc h\u00e0ng tu\u1ea7n,<br \/>\ntheo m\u00f9a, tr\u01b0\u1edbc<br \/>\n1 n\u0103m ho\u1eb7c h\u01a1n<\/span><\/td>\n<td width=\"200\"><span class=\"fontstyle3\">D\u1ef1 b\u00e1o kh\u00ed t\u01b0\u1ee3ng, kh\u00ed h\u1eadu, NWP<\/span><\/td>\n<td width=\"200\"><span class=\"fontstyle3\">Quy ho\u1ea1ch \u0111\u1ea7u t\u01b0 (ngu\u1ed3n, l\u01b0\u1edbi),<br \/>\nph\u00e2n t\u00edch d\u1ef1 ph\u00f2ng, l\u00ean k\u1ebf ho\u1ea1ch b\u1ea3o tr\u00ec,<br \/>\nqu\u1ea3n l\u00fd v\u1eadn h\u00e0nh<\/span><\/td>\n<\/tr>\n<\/tbody>\n<\/table>\n<p><img loading=\"lazy\" decoding=\"async\" class=\" wp-image-3063 aligncenter\" src=\"https:\/\/epc1.hdcvina.com\/wp-content\/uploads\/2021\/08\/2-2.png\" alt=\"\" width=\"433\" height=\"257\" srcset=\"https:\/\/pc1epc.vn\/wp-content\/uploads\/2021\/08\/2-2.png 1047w, https:\/\/pc1epc.vn\/wp-content\/uploads\/2021\/08\/2-2-510x302.png 510w, https:\/\/pc1epc.vn\/wp-content\/uploads\/2021\/08\/2-2-674x400.png 674w, https:\/\/pc1epc.vn\/wp-content\/uploads\/2021\/08\/2-2-768x456.png 768w, https:\/\/pc1epc.vn\/wp-content\/uploads\/2021\/08\/2-2-600x356.png 600w\" sizes=\"auto, (max-width: 433px) 100vw, 433px\" \/><\/p>\n","protected":false},"excerpt":{"rendered":"<p>\u1ee8ng d\u1ee5ng<\/p>\n<ul>\n<li>H\u1ed7 tr\u1ee3 cho h\u00e1ch h\u00e0ng c\u00f3 k\u1ebf ho\u1ea1ch ph\u00e1t \u0111i\u1ec7n v\u00e0 th\u01b0\u01a1ng m\u1ea1i<\/li>\n<li>H\u1ed7 tr\u1ee3 cho \u0111\u01a1n v\u1ecb qu\u1ea3n l\u00ed v\u1eadn h\u00e0nh l\u01b0\u1edbi \u0111i\u1ec7n, d\u00f2ng c\u00f4ng su\u1ea5t<\/li>\n<li>\u1ee8ng d\u1ee5ng trong vi\u1ec7c tri\u1ec3n khai k\u1ebf ho\u1ea1ch x\u1ea5y d\u1ef1ng nh\u00e0 m\u00e1y m\u1edbi.<\/li>\n<li>Tu\u00e2n theo quy \u0111\u1ecbnh c\u1ee7a EVN v\u1ec1 trang b\u1ecb v\u1eadn h\u00e0nh.<\/li>\n<\/ul>\n","protected":false},"featured_media":3378,"comment_status":"open","ping_status":"closed","template":"","meta":[],"product_brand":[],"product_cat":[370],"product_tag":[391,387,392,388,389,390,395,386,397,385,396],"yst_prominent_words":[],"class_list":{"0":"post-3060","1":"product","2":"type-product","3":"status-publish","4":"has-post-thumbnail","6":"product_cat-giai-phap","7":"product_tag-dbcs","8":"product_tag-du-bao-cong-suat","9":"product_tag-du-bao-cong-suat-dien","10":"product_tag-du-bao-cong-suat-dien-gio","11":"product_tag-du-bao-cong-suat-dien-mat-troi","12":"product_tag-du-bao-cong-suat-nang-luong-tai-tao","13":"product_tag-power-forecasting","14":"product_tag-solar-forecast","15":"product_tag-solar-power-forecasting","16":"product_tag-wind-forecast","17":"product_tag-wind-power-forecasting","19":"first","20":"instock","21":"shipping-taxable","22":"product-type-simple"},"_links":{"self":[{"href":"https:\/\/pc1epc.vn\/en\/wp-json\/wp\/v2\/product\/3060","targetHints":{"allow":["GET"]}}],"collection":[{"href":"https:\/\/pc1epc.vn\/en\/wp-json\/wp\/v2\/product"}],"about":[{"href":"https:\/\/pc1epc.vn\/en\/wp-json\/wp\/v2\/types\/product"}],"replies":[{"embeddable":true,"href":"https:\/\/pc1epc.vn\/en\/wp-json\/wp\/v2\/comments?post=3060"}],"wp:featuredmedia":[{"embeddable":true,"href":"https:\/\/pc1epc.vn\/en\/wp-json\/wp\/v2\/media\/3378"}],"wp:attachment":[{"href":"https:\/\/pc1epc.vn\/en\/wp-json\/wp\/v2\/media?parent=3060"}],"wp:term":[{"taxonomy":"product_brand","embeddable":true,"href":"https:\/\/pc1epc.vn\/en\/wp-json\/wp\/v2\/product_brand?post=3060"},{"taxonomy":"product_cat","embeddable":true,"href":"https:\/\/pc1epc.vn\/en\/wp-json\/wp\/v2\/product_cat?post=3060"},{"taxonomy":"product_tag","embeddable":true,"href":"https:\/\/pc1epc.vn\/en\/wp-json\/wp\/v2\/product_tag?post=3060"},{"taxonomy":"yst_prominent_words","embeddable":true,"href":"https:\/\/pc1epc.vn\/en\/wp-json\/wp\/v2\/yst_prominent_words?post=3060"}],"curies":[{"name":"wp","href":"https:\/\/api.w.org\/{rel}","templated":true}]}}