{"id":3049,"date":"2021-08-26T10:07:43","date_gmt":"2021-08-26T03:07:43","guid":{"rendered":"https:\/\/epc1.hdcvina.com\/?post_type=product&#038;p=3049"},"modified":"2024-02-29T18:12:23","modified_gmt":"2024-02-29T11:12:23","slug":"thiet-bi-lbs","status":"publish","type":"product","link":"https:\/\/pc1epc.vn\/en\/san-pham\/thiet-bi-lbs","title":{"rendered":"C\u1ea7u dao ph\u1ee5 t\u1ea3i k\u00edn SF6"},"content":{"rendered":"<p><strong>1.C\u1ea7u dao ph\u1ee5 t\u1ea3i ki\u1ec3u k\u00edn LBS\u00a0<\/strong><\/p>\n<p>&#8211; C\u1ea5p \u0111i\u1ec7n \u00e1p 24, 36kV.<\/p>\n<p>&#8211; D\u00f2ng \u0111\u1ecbnh m\u1ee9c: 630A<\/p>\n<p>&#8211; D\u00f2ng c\u1eaft ng\u1eafn m\u1ea1ch: 16kA\/1s<\/p>\n<p>&#8211; K\u1ebft n\u1ed1i SCADA: IEC 60870-5-101\/104, DNP 3.0<\/p>\n<p>&#8211; S\u1ea3n xu\u1ea5t theo ti\u00eau chu\u1ea9n IEC 62271-103.<\/p>\n<p><strong>2.Vai tr\u00f2 c\u1ee7a LBS k\u00edn tr\u00ean l\u01b0\u1edbi \u0111i\u1ec7n <\/strong><\/p>\n<p>&#8211; D\u00f9ng \u0111\u1ec3 \u0111\u00f3ng c\u1eaft khi mang t\u1ea3i, h\u1ed3 quang ph\u00e1t sinh \u0111\u01b0\u1ee3c d\u1eadp b\u1eb1ng SF6.<\/p>\n<p>&#8211; C\u00f4 l\u1eadp, ph\u00e2n \u0111o\u1ea1n t\u1ea3i v\u00e0 l\u01b0\u1edbi \u0111i\u1ec7n khi c\u1ea7n thi\u1ebft<\/p>\n<p>-T\u00edch h\u1ee3p c\u00e1c c\u1ea3m bi\u1ebfn \u0111i\u1ec7n \u00e1p, c\u1ea3m bi\u1ebfn d\u00f2ng \u0111i\u1ec7n\u00a0 \u0111\u1ec3 \u0111o l\u01b0\u1eddng, gi\u00e1m s\u00e1t, t\u00ednh to\u00e1n b\u1ea3o v\u1ec7 do c\u00e1c s\u1ef1 c\u1ed1<\/p>\n<p>&#8211;\u00a0 Ph\u1ed1i h\u1ee3p b\u1ea3o v\u1ec7 v\u1edbi Recloser, m\u00e1y c\u1eaft tr\u1ea1m.<\/p>\n<p>&#8211; T\u00edch h\u1ee3p t\u00ednh n\u0103ng truy\u1ec1n th\u00f4ng, k\u1ebft n\u1ed1i SCADA\u00a0 \u0111\u00e1p \u01b0ng nhu c\u1ea7u l\u01b0\u1edbi \u0111i\u1ec7n th\u00f4ng minh<\/p>\n<p>&#8211; Tu\u1ed5i th\u1ecd thi\u1ebft b\u1ecb l\u1edbn, chi ph\u00ed b\u1ea3o h\u00e0nh b\u1ea3o tr\u00ec th\u1ea5p.<\/p>\n<p><strong>3.Th\u00f4ng s\u1ed1 k\u1ef9 thu\u1eadt\u00a0<\/strong><\/p>\n<div class=\"table-responsive\">\n<table class=\"table\" style=\"height: 358px;\" border=\"2\" width=\"726\" cellspacing=\"0\" cellpadding=\"0\" align=\"center\">\n<tbody>\n<tr>\n<td>&#8211; \u0110i\u1ec7n \u00e1p l\u00e0m vi\u1ec7c \u0111\u1ecbnh m\u1ee9c (kV)<\/p>\n<p>&#8211; D\u00f2ng \u0111i\u1ec7n l\u00e0m vi\u1ec7c \u0111\u1ecbnh m\u1ee9c (A)<\/p>\n<p>&#8211; T\u1ea7n s\u1ed1 l\u00e0m vi\u1ec7c \u0111\u1ecbnh m\u1ee9c (Hz)<\/p>\n<p>&#8211; \u0110i\u1ec7n \u00e1p ch\u1ecbu \u0111\u1ef1ng \u1edf t\u1ea7n s\u1ed1 c\u00f4ng nghi\u1ec7p (50Hz)<\/p>\n<p>&#8211; \u0110i\u1ec7n \u00e1p ch\u1ecbu \u0111\u1ef1ng xung s\u00e9t 1.2\/50 m<\/p>\n<p>&#8211; D\u00f2ng \u0111i\u1ec7n ng\u1eafn m\u1ea1ch \u0111\u1ecbnh m\u1ee9c (kA)<\/p>\n<p>&#8211; S\u1ed1 l\u1ea7n \u0111\u00f3ng c\u1eaft t\u1ea1i t\u1ea3i \u0111\u1ecbnh m\u1ee9c (L\u1ea7n)<\/p>\n<p>&#8211; S\u1ed1 l\u1ea7n \u0111\u00f3ng c\u1eaft kh\u00f4ng t\u1ea3i (L\u1ea7n)<\/p>\n<p>&#8211; \u0110i\u1ec1u khi\u1ec3n \u0111\u00f3ng \/ c\u1eaft<\/td>\n<td>24(25.8)<\/p>\n<p>400 &#8211; 630<\/p>\n<p>50 \/ 60<\/p>\n<p>60<\/p>\n<p>150<\/p>\n<p>12.5 \/ 16 \/ 20 \/ 25<\/p>\n<p>200 &#8211; 400 (Class E2)<\/p>\n<p>5000 (Class M3)<\/p>\n<p>B\u1eb1ng tay \/ Motor 24VDC<\/td>\n<td>36(38)<\/p>\n<p>400 &#8211; 630<\/p>\n<p>50 \/ 60<\/p>\n<p>70<\/p>\n<p>170<\/p>\n<p>16<\/p>\n<p>200 &#8211; 400 (Class E2)<\/p>\n<p>5000 (Class M3)<\/p>\n<p>B\u1eb1ng tay \/ Motor 24VDC<\/td>\n<\/tr>\n<\/tbody>\n<\/table>\n<\/div>\n","protected":false},"excerpt":{"rendered":"<p>\u1ee8ng d\u1ee5ng<\/p>\n<ul>\n<li>C\u00f4 l\u1eadp, ph\u00e2n \u0111o\u1ea1n t\u1ea3i v\u00e0 l\u01b0\u1edbi \u0111i\u1ec7n khi c\u1ea7n thi\u1ebft<\/li>\n<li>\u00a0D\u00f9ng \u0111\u1ec3 \u0111\u00f3ng c\u1eaft khi mang t\u1ea3i, h\u1ed3 quang ph\u00e1t sinh \u0111\u01b0\u1ee3c d\u1eadp b\u1eb1ng SF6.<\/li>\n<li>T\u00edch h\u1ee3p c\u00e1c c\u1ea3m bi\u1ebfn \u0111i\u1ec7n \u00e1p, c\u1ea3m bi\u1ebfn d\u00f2ng \u0111i\u1ec7n\u00a0 \u0111\u1ec3 \u0111o l\u01b0\u1eddng, gi\u00e1m s\u00e1t, t\u00ednh to\u00e1n b\u1ea3o v\u1ec7 do c\u00e1c s\u1ef1 c\u1ed1<\/li>\n<li>Ph\u1ed1i h\u1ee3p b\u1ea3o v\u1ec7 v\u1edbi Recloser, m\u00e1y c\u1eaft tr\u1ea1m<\/li>\n<li>T\u00edch h\u1ee3p t\u00ednh n\u0103ng truy\u1ec1n th\u00f4ng, k\u1ebft n\u1ed1i SCADA\u00a0 \u0111\u00e1p \u01b0ng nhu c\u1ea7u l\u01b0\u1edbi \u0111i\u1ec7n th\u00f4ng minh<\/li>\n<li>Tu\u1ed5i th\u1ecd cao, chi ph\u00ed b\u1ea3o h\u00e0nh b\u1ea3o tr\u00ec th\u1ea5p.<\/li>\n<\/ul>\n","protected":false},"featured_media":3050,"comment_status":"open","ping_status":"closed","template":"","meta":[],"product_brand":[],"product_cat":[15,361,351],"product_tag":[408,413,412,415,414,409,411,410,416],"yst_prominent_words":[],"class_list":{"0":"post-3049","1":"product","2":"type-product","3":"status-publish","4":"has-post-thumbnail","6":"product_cat-thiet-bi-nhat-thu","7":"product_cat-lbs","8":"product_cat-thiet-bi-duong-day","9":"product_tag-cau-dao-phu-tai","10":"product_tag-cau-dao-phu-tai-han-quoc","11":"product_tag-cau-dao-phu-tai-jinkwang","12":"product_tag-cau-dao-phu-tai-kin","13":"product_tag-dao-cat-phu-tai-jinkwang","14":"product_tag-lbs-jinkwang","15":"product_tag-lbs-jk","16":"product_tag-lbs-jk-sgs","17":"product_tag-lbs-sf6-jinkwang","19":"first","20":"instock","21":"shipping-taxable","22":"product-type-simple"},"_links":{"self":[{"href":"https:\/\/pc1epc.vn\/en\/wp-json\/wp\/v2\/product\/3049","targetHints":{"allow":["GET"]}}],"collection":[{"href":"https:\/\/pc1epc.vn\/en\/wp-json\/wp\/v2\/product"}],"about":[{"href":"https:\/\/pc1epc.vn\/en\/wp-json\/wp\/v2\/types\/product"}],"replies":[{"embeddable":true,"href":"https:\/\/pc1epc.vn\/en\/wp-json\/wp\/v2\/comments?post=3049"}],"wp:featuredmedia":[{"embeddable":true,"href":"https:\/\/pc1epc.vn\/en\/wp-json\/wp\/v2\/media\/3050"}],"wp:attachment":[{"href":"https:\/\/pc1epc.vn\/en\/wp-json\/wp\/v2\/media?parent=3049"}],"wp:term":[{"taxonomy":"product_brand","embeddable":true,"href":"https:\/\/pc1epc.vn\/en\/wp-json\/wp\/v2\/product_brand?post=3049"},{"taxonomy":"product_cat","embeddable":true,"href":"https:\/\/pc1epc.vn\/en\/wp-json\/wp\/v2\/product_cat?post=3049"},{"taxonomy":"product_tag","embeddable":true,"href":"https:\/\/pc1epc.vn\/en\/wp-json\/wp\/v2\/product_tag?post=3049"},{"taxonomy":"yst_prominent_words","embeddable":true,"href":"https:\/\/pc1epc.vn\/en\/wp-json\/wp\/v2\/yst_prominent_words?post=3049"}],"curies":[{"name":"wp","href":"https:\/\/api.w.org\/{rel}","templated":true}]}}