{"id":3038,"date":"2021-08-26T10:01:35","date_gmt":"2021-08-26T03:01:35","guid":{"rendered":"https:\/\/epc1.hdcvina.com\/?post_type=product&#038;p=3038"},"modified":"2021-08-31T08:10:31","modified_gmt":"2021-08-31T01:10:31","slug":"dau-cap","status":"publish","type":"product","link":"https:\/\/pc1epc.vn\/en\/san-pham\/dau-cap","title":{"rendered":"Ph\u1ee5 ki\u1ec7n c\u00e1p ng\u1ea7m th\u00f4ng minh"},"content":{"rendered":"<div>REPL l\u00e0 th\u01b0\u01a1ng hi\u1ec7u \u0111\u1ebfn t\u1eeb Italia v\u1edbi d\u1ea3i s\u1ea3n ph\u1ea9m ph\u1ee5 ki\u1ec7n c\u00e1p ng\u1ea7m trung th\u1ebf.<\/div>\n<div>\n<p><strong>1.\u0110\u1ea7u c\u00e1p th\u00f4ng minh <\/strong><\/p>\n<ul>\n<li>Th\u01b0\u01a1ng hi\u1ec7u: REPL &#8211; italia<\/li>\n<li>S\u1ea3n ph\u1ea9m: S\u1ea3n ph\u1ea9m th\u00f4ng minh, \u0110\u1ea7u c\u00e1p, Co nhi\u1ec7t, Co ngu\u1ed9i.<\/li>\n<li>C\u1ea5p \u0111i\u1ec7n \u00e1p: Trung th\u1ebf<\/li>\n<li>Truy\u1ec1n th\u00f4ng: SCADA<\/li>\n<li>Ti\u00eau chu\u1ea9n: I <span class=\"fontstyle0\">EC 60044-7, IEC 60044-8.<\/span><\/li>\n<\/ul>\n<\/div>\n<div><img loading=\"lazy\" decoding=\"async\" class=\"wp-image-3309 aligncenter\" src=\"https:\/\/epc1.hdcvina.com\/wp-content\/uploads\/2021\/08\/2-4.png\" alt=\"\" width=\"595\" height=\"249\" srcset=\"https:\/\/pc1epc.vn\/wp-content\/uploads\/2021\/08\/2-4.png 1215w, https:\/\/pc1epc.vn\/wp-content\/uploads\/2021\/08\/2-4-510x214.png 510w, https:\/\/pc1epc.vn\/wp-content\/uploads\/2021\/08\/2-4-800x335.png 800w, https:\/\/pc1epc.vn\/wp-content\/uploads\/2021\/08\/2-4-768x322.png 768w, https:\/\/pc1epc.vn\/wp-content\/uploads\/2021\/08\/2-4-600x251.png 600w\" sizes=\"auto, (max-width: 595px) 100vw, 595px\" \/><\/div>\n<div><\/div>\n<div><strong>2.N\u1ed5i b\u1eadt l\u00e0 \u0111\u1ea7u c\u00e1p th\u00f4ng minh\u00a0 t\u00edch h\u1ee3p t\u00ednh n\u0103ng:<\/strong><\/div>\n<ul>\n<li>\u0110o \u0111i\u1ec7n \u00e1p: VR, VS, VT<\/li>\n<li>\u0110o d\u00f2ng \u0111i\u1ec7n: IR, IS, IT<\/li>\n<li>G\u00f3c pha: \u03c6R, \u03c6S, \u03c6T<\/li>\n<\/ul>\n<p>Cho ph\u00e9p t\u00ednh to\u00e1n t\u1ea5t c\u1ea3 c\u00e1c th\u00f4ng s\u1ed1 \u0111i\u1ec7n li\u00ean quan nh\u01b0:<\/p>\n<ul>\n<li>\u0110o l\u01b0\u1eddng \u0111\u01b0\u1ee3c c\u00f4ng su\u1ea5t t\u00e1c d\u1ee5ng P v\u00e0 c\u00f4ng su\u1ea5t ph\u1ea3n kh\u00e1ng Q<\/li>\n<li>T\u1ea7n s\u1ed1 l\u00e0m vi\u1ec7c (Hz)<\/li>\n<li>T\u1ed5ng sai l\u1ec7ch do s\u00f3ng h\u00e0i (THD), c\u00f3 th\u1ec3 t\u00ednh to\u00e1n cho t\u1ea5t c\u1ea3 c\u00e1c s\u00f3ng h\u00e0i l\u00ean \u0111\u1ebfn b\u1eadc 50 (2500 Hz).<\/li>\n<li>T\u1ed5n th\u1ea5t c\u00f4ng su\u1ea5t<\/li>\n<\/ul>\n<p><img loading=\"lazy\" decoding=\"async\" class=\" wp-image-3046 aligncenter\" src=\"https:\/\/epc1.hdcvina.com\/wp-content\/uploads\/2021\/08\/7.png\" alt=\"\" width=\"584\" height=\"306\" srcset=\"https:\/\/pc1epc.vn\/wp-content\/uploads\/2021\/08\/7.png 1326w, https:\/\/pc1epc.vn\/wp-content\/uploads\/2021\/08\/7-510x268.png 510w, https:\/\/pc1epc.vn\/wp-content\/uploads\/2021\/08\/7-762x400.png 762w, https:\/\/pc1epc.vn\/wp-content\/uploads\/2021\/08\/7-768x403.png 768w, https:\/\/pc1epc.vn\/wp-content\/uploads\/2021\/08\/7-600x315.png 600w\" sizes=\"auto, (max-width: 584px) 100vw, 584px\" \/><\/p>\n<p><strong>3.S\u01a1 \u0111\u1ed3 k\u1ebft n\u1ed1i truy\u1ec1n th\u00f4ng SCADA.<\/strong><\/p>\n<p><img loading=\"lazy\" decoding=\"async\" class=\" wp-image-3044 aligncenter\" src=\"https:\/\/epc1.hdcvina.com\/wp-content\/uploads\/2021\/08\/5.png\" alt=\"\" width=\"634\" height=\"325\" srcset=\"https:\/\/pc1epc.vn\/wp-content\/uploads\/2021\/08\/5.png 740w, https:\/\/pc1epc.vn\/wp-content\/uploads\/2021\/08\/5-510x261.png 510w\" sizes=\"auto, (max-width: 634px) 100vw, 634px\" \/><\/p>\n","protected":false},"excerpt":{"rendered":"<p>\u1ee8ng d\u1ee5ng<\/p>\n<ul>\n<li>\u0110o l\u01b0\u1eddng \u0111\u01b0\u1ee3c c\u00e1c gi\u00e1 tr\u1ecb: \u0110i\u1ec7n \u00e1p, d\u00f2ng \u0111i\u1ec7n, g\u00f3c pha, t\u1ea7n s\u1ed1<\/li>\n<li>Tinh to\u00e1n \u0111\u01b0\u1ee3c l\u01b0\u1ee3ng c\u00f4ng su\u1ea5t ti\u00eau th\u1ee5 P, Q<\/li>\n<li>T\u00ednh to\u00e1n \u0111\u01b0\u1ee3c sai l\u00each do s\u00f3ng h\u00e0i v\u00e0 c\u00e1c b\u1eadc s\u00f3ng h\u00e0i<\/li>\n<li>T\u00ednh to\u00e1n \u0111\u01b0\u1ee3c l\u01b0\u1ee3ng t\u1ed5n th\u1ea5t c\u00f4ng su\u1ea5t<\/li>\n<li>Truy\u1ec1n th\u00f4ng SCADA theo ti\u00eau chu\u1ea9n IEC 104<\/li>\n<\/ul>\n<p>&nbsp;<\/p>\n","protected":false},"featured_media":3041,"comment_status":"open","ping_status":"closed","template":"","meta":[],"product_brand":[],"product_cat":[15,355,350],"product_tag":[423,420,417,419,424,418,422,421],"yst_prominent_words":[],"class_list":{"0":"post-3038","1":"product","2":"type-product","3":"status-publish","4":"has-post-thumbnail","6":"product_cat-thiet-bi-nhat-thu","7":"product_cat-dau-cap","8":"product_cat-thiet-bi-tram","9":"product_tag-cold-shrink","10":"product_tag-dau-cap-repl","11":"product_tag-dau-cap-thong-minh","12":"product_tag-dau-cap-thong-minh-repl","13":"product_tag-heat-shrink","14":"product_tag-repl","15":"product_tag-repl-terminal","16":"product_tag-smart-terminal","18":"first","19":"instock","20":"shipping-taxable","21":"product-type-simple"},"_links":{"self":[{"href":"https:\/\/pc1epc.vn\/en\/wp-json\/wp\/v2\/product\/3038","targetHints":{"allow":["GET"]}}],"collection":[{"href":"https:\/\/pc1epc.vn\/en\/wp-json\/wp\/v2\/product"}],"about":[{"href":"https:\/\/pc1epc.vn\/en\/wp-json\/wp\/v2\/types\/product"}],"replies":[{"embeddable":true,"href":"https:\/\/pc1epc.vn\/en\/wp-json\/wp\/v2\/comments?post=3038"}],"wp:featuredmedia":[{"embeddable":true,"href":"https:\/\/pc1epc.vn\/en\/wp-json\/wp\/v2\/media\/3041"}],"wp:attachment":[{"href":"https:\/\/pc1epc.vn\/en\/wp-json\/wp\/v2\/media?parent=3038"}],"wp:term":[{"taxonomy":"product_brand","embeddable":true,"href":"https:\/\/pc1epc.vn\/en\/wp-json\/wp\/v2\/product_brand?post=3038"},{"taxonomy":"product_cat","embeddable":true,"href":"https:\/\/pc1epc.vn\/en\/wp-json\/wp\/v2\/product_cat?post=3038"},{"taxonomy":"product_tag","embeddable":true,"href":"https:\/\/pc1epc.vn\/en\/wp-json\/wp\/v2\/product_tag?post=3038"},{"taxonomy":"yst_prominent_words","embeddable":true,"href":"https:\/\/pc1epc.vn\/en\/wp-json\/wp\/v2\/yst_prominent_words?post=3038"}],"curies":[{"name":"wp","href":"https:\/\/api.w.org\/{rel}","templated":true}]}}