{"id":2024,"date":"2021-07-16T14:27:13","date_gmt":"2021-07-16T07:27:13","guid":{"rendered":"https:\/\/epc1.hdcvina.com\/?post_type=product&#038;p=2024"},"modified":"2021-10-18T09:51:52","modified_gmt":"2021-10-18T02:51:52","slug":"cap-ngam","status":"publish","type":"product","link":"https:\/\/pc1epc.vn\/en\/san-pham\/cap-ngam","title":{"rendered":"C\u00e1p ng\u1ea7m bi\u1ec3n"},"content":{"rendered":"<p>S\u1ea3n ph\u1ea9m c\u00e1p ng\u1ea7m bi\u1ec3n<\/p>\n<p>1. C\u00e1p ngu\u1ed3n<\/p>\n<ul>\n<li>C\u1ea5p \u0111i\u1ec7n \u00e1p l\u00ean t\u1edbi: 500kV (AC), <span class=\"fontstyle0\">\u00b1 <\/span>525kV(DC)<\/li>\n<li>\u0110\u1ed9 s\u00e2u: tr\u00ean 1000m<\/li>\n<li><span style=\"color: #555555;\">K\u00edch th\u01b0\u1edbc c\u00e1p v\u01b0\u1ee3t bi\u1ec3n<br \/>\n<\/span><span class=\"fontstyle0\" style=\"color: #555555;\">LV: 35mm\u00b2- 800mm\u00b2 (3 cores)<br \/>\n<\/span>MV: 50mm\u00b2- 1,600mm\u00b2 (3 cores)<br \/>\nHV: 240mm\u00b2- 1,600mm\u00b2 (3 cores)<br \/>\nSingle Core: Max. 3,000mm\u00b2<\/li>\n<\/ul>\n<p><span class=\"fontstyle0\">2. C\u00e1p quang<\/span><\/p>\n<ul>\n<li><span class=\"fontstyle0\">Bao g\u1ed3m: LW, LWP, SA, DA, RA (UJ &amp; UQJ)<br \/>\n<\/span><span class=\"fontstyle2\">T\u1ed5ng chi\u1ec1u d\u00e0i: <\/span><span class=\"fontstyle0\">10,000+ km<br \/>\n\u0110\u1ed9 s\u00e2u: <\/span><span class=\"fontstyle0\">8,000 m<\/span><\/li>\n<\/ul>\n<p><img loading=\"lazy\" decoding=\"async\" class=\"size-full wp-image-3379 aligncenter\" src=\"https:\/\/epc1.hdcvina.com\/wp-content\/uploads\/2021\/07\/Capture.png\" alt=\"\" width=\"910\" height=\"415\" srcset=\"https:\/\/pc1epc.vn\/wp-content\/uploads\/2021\/07\/Capture.png 910w, https:\/\/pc1epc.vn\/wp-content\/uploads\/2021\/07\/Capture-510x233.png 510w, https:\/\/pc1epc.vn\/wp-content\/uploads\/2021\/07\/Capture-800x365.png 800w, https:\/\/pc1epc.vn\/wp-content\/uploads\/2021\/07\/Capture-768x350.png 768w, https:\/\/pc1epc.vn\/wp-content\/uploads\/2021\/07\/Capture-600x274.png 600w\" sizes=\"auto, (max-width: 910px) 100vw, 910px\" \/><\/p>\n<p>3. H\u00ecnh \u1ea3nh m\u1eb7t c\u1eaft c\u1ee7a c\u00e1p<\/p>\n<p><img loading=\"lazy\" decoding=\"async\" class=\"alignnone size-full wp-image-3380 aligncenter\" src=\"https:\/\/epc1.hdcvina.com\/wp-content\/uploads\/2021\/07\/Capture1.png\" alt=\"\" width=\"564\" height=\"526\" srcset=\"https:\/\/pc1epc.vn\/wp-content\/uploads\/2021\/07\/Capture1.png 564w, https:\/\/pc1epc.vn\/wp-content\/uploads\/2021\/07\/Capture1-510x476.png 510w, https:\/\/pc1epc.vn\/wp-content\/uploads\/2021\/07\/Capture1-429x400.png 429w\" sizes=\"auto, (max-width: 564px) 100vw, 564px\" \/><\/p>\n<p>&nbsp;<\/p>\n<p>4.H\u1ec7 th\u1ed1ng m\u1ea1ng c\u00e1p &amp; ph\u1ee5 ki\u1ec7n ng\u1ea7m d\u01b0\u1edbi bi\u1ec3n<\/p>\n<p><img loading=\"lazy\" decoding=\"async\" class=\" wp-image-3026 aligncenter\" src=\"https:\/\/epc1.hdcvina.com\/wp-content\/uploads\/2021\/07\/5.png\" alt=\"\" width=\"883\" height=\"586\" srcset=\"https:\/\/pc1epc.vn\/wp-content\/uploads\/2021\/07\/5.png 1096w, https:\/\/pc1epc.vn\/wp-content\/uploads\/2021\/07\/5-510x339.png 510w, https:\/\/pc1epc.vn\/wp-content\/uploads\/2021\/07\/5-602x400.png 602w, https:\/\/pc1epc.vn\/wp-content\/uploads\/2021\/07\/5-768x510.png 768w, https:\/\/pc1epc.vn\/wp-content\/uploads\/2021\/07\/5-600x399.png 600w\" sizes=\"auto, (max-width: 883px) 100vw, 883px\" \/><\/p>\n<p>5. Thi c\u00f4ng\u00a0 l\u1eafp \u0111\u1eb7t c\u00e1p ng\u1ea7m<br \/>\n<img loading=\"lazy\" decoding=\"async\" class=\"wp-image-3767 aligncenter\" src=\"https:\/\/epc1.hdcvina.com\/wp-content\/uploads\/2021\/07\/eb6345551029e677bf38.jpg\" alt=\"\" width=\"888\" height=\"500\" srcset=\"https:\/\/pc1epc.vn\/wp-content\/uploads\/2021\/07\/eb6345551029e677bf38.jpg 1280w, https:\/\/pc1epc.vn\/wp-content\/uploads\/2021\/07\/eb6345551029e677bf38-510x287.jpg 510w, https:\/\/pc1epc.vn\/wp-content\/uploads\/2021\/07\/eb6345551029e677bf38-711x400.jpg 711w, https:\/\/pc1epc.vn\/wp-content\/uploads\/2021\/07\/eb6345551029e677bf38-768x432.jpg 768w, https:\/\/pc1epc.vn\/wp-content\/uploads\/2021\/07\/eb6345551029e677bf38-600x338.jpg 600w\" sizes=\"auto, (max-width: 888px) 100vw, 888px\" \/><\/p>\n<p>&nbsp;<\/p>\n","protected":false},"excerpt":{"rendered":"<p><strong>\u1ee8ng d\u1ee5ng<\/strong><\/p>\n<ul>\n<li>C\u00e1p ng\u1ea7m bi\u1ec3n g\u1ed3m: c\u00e1p l\u1ef1c, c\u00e1p quang t\u00edn hi\u1ec7u<\/li>\n<li>V\u1eadn chuy\u1ec3n ngu\u1ed3n n\u0103ng l\u01b0\u1ee3ng \u0111i\u1ec7n n\u0103ng th\u00f4ng qua tuy\u1ebfn c\u00e1p ng\u1ea7m v\u01b0\u1ee3t bi\u1ec3n<\/li>\n<li>Trao \u0111\u1ed5i th\u00f4ng tin li\u00ean l\u1ea1c gi\u1eefa c\u00e1c v\u00f9ng<\/li>\n<li>Kh\u1ea3 n\u0103ng ch\u1ecbu \u00e1p su\u1ea5t v\u00e0 t\u00e1c \u0111\u1ed9ng c\u1ee7a m\u00f4i tr\u01b0\u1eddng bi\u1ec3n l\u1edbn<\/li>\n<li>D\u1ecbch v\u1ee5 thi c\u00f4ng, l\u1eafp \u0111\u1eb7t v\u00e0 b\u1ea3o h\u00e0nh, b\u1ea3o tr\u00ec.<\/li>\n<\/ul>\n","protected":false},"featured_media":3023,"comment_status":"open","ping_status":"closed","template":"","meta":[],"product_brand":[],"product_cat":[15,455,456],"product_tag":[451,454,452,453],"yst_prominent_words":[],"class_list":{"0":"post-2024","1":"product","2":"type-product","3":"status-publish","4":"has-post-thumbnail","6":"product_cat-thiet-bi-nhat-thu","7":"product_cat-cap-ngam-bien","8":"product_cat-cap-ngam-bien-thiet-bi-duong-day","9":"product_tag-cap-ngam-bien","10":"product_tag-cap-ngam-ztt","11":"product_tag-cap-quang-bien","12":"product_tag-ztt","14":"first","15":"instock","16":"shipping-taxable","17":"product-type-simple"},"_links":{"self":[{"href":"https:\/\/pc1epc.vn\/en\/wp-json\/wp\/v2\/product\/2024","targetHints":{"allow":["GET"]}}],"collection":[{"href":"https:\/\/pc1epc.vn\/en\/wp-json\/wp\/v2\/product"}],"about":[{"href":"https:\/\/pc1epc.vn\/en\/wp-json\/wp\/v2\/types\/product"}],"replies":[{"embeddable":true,"href":"https:\/\/pc1epc.vn\/en\/wp-json\/wp\/v2\/comments?post=2024"}],"wp:featuredmedia":[{"embeddable":true,"href":"https:\/\/pc1epc.vn\/en\/wp-json\/wp\/v2\/media\/3023"}],"wp:attachment":[{"href":"https:\/\/pc1epc.vn\/en\/wp-json\/wp\/v2\/media?parent=2024"}],"wp:term":[{"taxonomy":"product_brand","embeddable":true,"href":"https:\/\/pc1epc.vn\/en\/wp-json\/wp\/v2\/product_brand?post=2024"},{"taxonomy":"product_cat","embeddable":true,"href":"https:\/\/pc1epc.vn\/en\/wp-json\/wp\/v2\/product_cat?post=2024"},{"taxonomy":"product_tag","embeddable":true,"href":"https:\/\/pc1epc.vn\/en\/wp-json\/wp\/v2\/product_tag?post=2024"},{"taxonomy":"yst_prominent_words","embeddable":true,"href":"https:\/\/pc1epc.vn\/en\/wp-json\/wp\/v2\/yst_prominent_words?post=2024"}],"curies":[{"name":"wp","href":"https:\/\/api.w.org\/{rel}","templated":true}]}}