{"id":2014,"date":"2021-07-16T14:23:57","date_gmt":"2021-07-16T07:23:57","guid":{"rendered":"https:\/\/epc1.hdcvina.com\/?post_type=product&#038;p=2014"},"modified":"2021-10-18T09:55:31","modified_gmt":"2021-10-18T02:55:31","slug":"thiet-bi-chong-set-protecta-lite","status":"publish","type":"product","link":"https:\/\/pc1epc.vn\/en\/san-pham\/thiet-bi-chong-set-protecta-lite","title":{"rendered":"Ch\u1ed1ng s\u00e9t van"},"content":{"rendered":"<p><strong>Ch\u1ed1ng s\u00e9t \u0111\u01b0\u1eddng d\u00e2y\u00a0<\/strong><\/p>\n<ul>\n<li>C\u1ea5u t\u1ea1o b\u00ean trong g\u1ed3m c\u00e1c \u0111\u0129a oxit kim lo\u1ea1i<\/li>\n<li>V\u1ecf polymer<\/li>\n<li>Ti\u00eau chu\u1ea9n ANSI C62.11<\/li>\n<li>\u0110i\u1ec7n \u00e1p: 2,4-500 kV<\/li>\n<li>T\u1ea7n s\u1ed1: 50Hz<\/li>\n<li>D\u00f2ng ph\u00f3ng \u0111\u1ecbnh m\u1ee9c: 10kA<\/li>\n<li>C\u1ea5p ph\u00f3ng \u0111i\u1ec7n: Class 2-3<\/li>\n<\/ul>\n<p><strong>\u0110\u1eb7c \u0111i\u1ec3m n\u1ed5i b\u1eadt:<\/strong><\/p>\n<ul>\n<li>L\u00e0m vi\u1ec7c t\u1ed1t trong c\u00e1c \u0111i\u1ec1u ki\u1ec7n m\u00f4i tr\u01b0\u1eddng kh\u1eafc nghi\u1ec7t (gi\u00f3, b\u0103ng tuy\u1ebft, &#8230;)<\/li>\n<li>C\u00f3 nhi\u1ec1u t\u00f9y ch\u1ecdn l\u1eafp \u0111\u1eb7t cho c\u00e1c \u1ee9ng d\u1ee5ng kh\u00e1c nhau (treo, \u0111\u1ee9ng, \u0111\u1ee1, \u2026)<\/li>\n<\/ul>\n","protected":false},"excerpt":{"rendered":"<p>\u1ee8ng d\u1ee5ng<\/p>\n<ul>\n<li>B\u1ea3o v\u1ec7 ch\u1ed1ng qu\u00e1 \u0111i\u1ec7n \u00e1p kh\u00ed quy\u1ec3n cho \u0111\u01b0\u1eddng d\u00e2y v\u00e0 thi\u1ebft b\u1ecb<\/li>\n<li>X\u1ee9 l\u00ed q\u00faa \u0111i\u1ec7n \u00e1p n\u1ed9i b\u1ed9i trong qu\u00e1 tr\u00ecnh thao t\u00e1c v\u00e0 v\u1eadn h\u00e0nh l\u01b0\u1edbi<\/li>\n<li>D\u00f9ng cho l\u01b0\u1edbi trung th\u1ebf v\u00e0 cao th\u1ebf<\/li>\n<\/ul>\n","protected":false},"featured_media":3033,"comment_status":"open","ping_status":"closed","template":"","meta":[],"product_brand":[],"product_cat":[15,362,351],"product_tag":[],"yst_prominent_words":[],"class_list":{"0":"post-2014","1":"product","2":"type-product","3":"status-publish","4":"has-post-thumbnail","6":"product_cat-thiet-bi-nhat-thu","7":"product_cat-chong-set-van-thiet-bi-duong-day","8":"product_cat-thiet-bi-duong-day","10":"first","11":"instock","12":"shipping-taxable","13":"product-type-simple"},"_links":{"self":[{"href":"https:\/\/pc1epc.vn\/en\/wp-json\/wp\/v2\/product\/2014","targetHints":{"allow":["GET"]}}],"collection":[{"href":"https:\/\/pc1epc.vn\/en\/wp-json\/wp\/v2\/product"}],"about":[{"href":"https:\/\/pc1epc.vn\/en\/wp-json\/wp\/v2\/types\/product"}],"replies":[{"embeddable":true,"href":"https:\/\/pc1epc.vn\/en\/wp-json\/wp\/v2\/comments?post=2014"}],"wp:featuredmedia":[{"embeddable":true,"href":"https:\/\/pc1epc.vn\/en\/wp-json\/wp\/v2\/media\/3033"}],"wp:attachment":[{"href":"https:\/\/pc1epc.vn\/en\/wp-json\/wp\/v2\/media?parent=2014"}],"wp:term":[{"taxonomy":"product_brand","embeddable":true,"href":"https:\/\/pc1epc.vn\/en\/wp-json\/wp\/v2\/product_brand?post=2014"},{"taxonomy":"product_cat","embeddable":true,"href":"https:\/\/pc1epc.vn\/en\/wp-json\/wp\/v2\/product_cat?post=2014"},{"taxonomy":"product_tag","embeddable":true,"href":"https:\/\/pc1epc.vn\/en\/wp-json\/wp\/v2\/product_tag?post=2014"},{"taxonomy":"yst_prominent_words","embeddable":true,"href":"https:\/\/pc1epc.vn\/en\/wp-json\/wp\/v2\/yst_prominent_words?post=2014"}],"curies":[{"name":"wp","href":"https:\/\/api.w.org\/{rel}","templated":true}]}}