{"id":6363,"date":"2022-04-14T16:25:26","date_gmt":"2022-04-14T09:25:26","guid":{"rendered":"https:\/\/pc1epc.vn\/?page_id=6363"},"modified":"2022-04-14T16:25:26","modified_gmt":"2022-04-14T09:25:26","slug":"news","status":"publish","type":"page","link":"https:\/\/pc1epc.vn\/en\/news","title":{"rendered":"News"},"content":{"rendered":"\n  <div class=\"banner has-hover\" id=\"banner-1209385090\">\n          <div class=\"banner-inner fill\">\n        <div class=\"banner-bg fill\" >\n            <img loading=\"lazy\" decoding=\"async\" width=\"1020\" height=\"247\" src=\"https:\/\/pc1epc.vn\/wp-content\/uploads\/2021\/08\/anh-chon-thay-banner-1400x339.jpg\" class=\"bg attachment-large size-large\" alt=\"\" \/>                        <div class=\"overlay\"><\/div>            \n                    <\/div>\n\t\t\n        <div class=\"banner-layers container\">\n            <div class=\"fill banner-link\"><\/div>            \n   <div id=\"text-box-1390138531\" class=\"text-box banner-layer x50 md-x50 lg-x50 y15 md-y15 lg-y15 res-text\">\n                                <div class=\"text-box-content text dark\">\n              \n              <div class=\"text-inner text-center\">\n                  \n\t<div id=\"text-2759805378\" class=\"text\">\n\t\t\n<h2 class=\"uppercase\"><strong>NEWS<\/strong><\/h2>\n\t\t\n<style>\n#text-2759805378 {\n  font-size: 0.85rem;\n}\n<\/style>\n\t<\/div>\n\t\n              <\/div>\n           <\/div>\n                            \n<style>\n#text-box-1390138531 {\n  width: 60%;\n}\n#text-box-1390138531 .text-box-content {\n  font-size: 100%;\n}\n<\/style>\n    <\/div>\n \n        <\/div>\n      <\/div>\n\n            \n<style>\n#banner-1209385090 {\n  padding-top: 30%;\n}\n#banner-1209385090 .overlay {\n  background-color: rgba(0, 0, 0, 0.11);\n}\n<\/style>\n  <\/div>\n\n\n<span class=\"scroll-to\" data-label=\"Scroll to: #moitruong\" data-bullet=\"false\" data-link=\"#moitruong\" data-title=\"Change this\" ><a name=\"moitruong\"><\/a><\/span>\n\n\t<section class=\"section pb-0\" id=\"section_1707072933\">\n\t\t<div class=\"section-bg fill\" >\n\t\t\t\t\t\t\t\t\t\n\t\t\t\n\n\t\t<\/div>\n\n\t\t\n\n\t\t<div class=\"section-content relative\">\n\t\t\t\n<div class=\"row\"  id=\"row-34953845\">\n\n\t<div id=\"col-2133786754\" class=\"col pb-0 small-12 large-12\"  >\n\t\t\t\t<div class=\"col-inner\"  >\n\t\t\t\n\t\t\t\n<div class=\"container section-title-container\" ><h2 class=\"section-title section-title-center\"><b><\/b><span class=\"section-title-main\" >Society and environment<\/span><b><\/b><\/h2><\/div>\n\t\t<\/div>\n\t\t\t\t\t<\/div>\n\n\t\n<\/div>\n<div class=\"row\"  id=\"row-766762740\">\n\n\t<div id=\"col-565190982\" class=\"col medium-4 small-12 large-4\"  >\n\t\t\t\t<div class=\"col-inner box-shadow-2 box-shadow-4-hover\"  >\n\t\t\t\n\t\t\t\n\t<div class=\"box has-hover   has-hover box-text-bottom\" >\n\n\t\t<div class=\"box-image\" >\n\t\t\t<a href=\"https:\/\/pcc1.vn\/mot-sac-nang-ben-song\/\" >\t\t\t<div class=\"\" >\n\t\t\t\t<img loading=\"lazy\" decoding=\"async\" width=\"500\" height=\"312\" src=\"https:\/\/pc1epc.vn\/wp-content\/uploads\/2021\/09\/chinh8s.jpg\" class=\"attachment- size-\" alt=\"\" \/>\t\t\t\t\t\t\t\t\t\t\t<\/div>\n\t\t\t<\/a>\t\t<\/div>\n\n\t\t<div class=\"box-text text-center\" style=\"background-color:rgb(255, 255, 255);\">\n\t\t\t<div class=\"box-text-inner\">\n\t\t\t\t\n\t<div id=\"text-3121671098\" class=\"text\">\n\t\t\n<h4>M\u1ed9t s\u1eafc n\u1eafng b\u00ean s\u00f4ng<\/h4>\n\t\t\n<style>\n#text-3121671098 {\n  color: rgb(32, 151, 116);\n}\n#text-3121671098 > * {\n  color: rgb(32, 151, 116);\n}\n<\/style>\n\t<\/div>\n\t\n\t\t\t<\/div>\n\t\t<\/div>\n\t<\/div>\n\t\n\t\t<\/div>\n\t\t\t\t\t<\/div>\n\n\t\n\n\t<div id=\"col-1651857941\" class=\"col medium-4 small-12 large-4\"  >\n\t\t\t\t<div class=\"col-inner box-shadow-2 box-shadow-4-hover\"  >\n\t\t\t\n\t\t\t\n\t<div class=\"box has-hover   has-hover box-text-bottom\" >\n\n\t\t<div class=\"box-image\" >\n\t\t\t<a href=\"https:\/\/pcc1.vn\/cong-ty-co-phan-xay-lap-dien-i-ung-ho-cdc-tien-giang-100-trieu-dong\/\" >\t\t\t<div class=\"\" >\n\t\t\t\t<img loading=\"lazy\" decoding=\"async\" width=\"500\" height=\"312\" src=\"https:\/\/pc1epc.vn\/wp-content\/uploads\/2021\/09\/chinh7s.jpg\" class=\"attachment- size-\" alt=\"\" \/>\t\t\t\t\t\t\t\t\t\t\t<\/div>\n\t\t\t<\/a>\t\t<\/div>\n\n\t\t<div class=\"box-text text-center\" style=\"background-color:rgb(255, 255, 255);\">\n\t\t\t<div class=\"box-text-inner\">\n\t\t\t\t\n\t<div id=\"text-3124241009\" class=\"text\">\n\t\t\n<h4>Power Construction Joint Stock Company No. 1 supports Tien Giang 19 Covid Prevention Fund 500 million VND<\/h4>\n\t\t\n<style>\n#text-3124241009 {\n  color: rgb(32, 151, 116);\n}\n#text-3124241009 > * {\n  color: rgb(32, 151, 116);\n}\n<\/style>\n\t<\/div>\n\t\n\t\t\t<\/div>\n\t\t<\/div>\n\t<\/div>\n\t\n\t\t<\/div>\n\t\t\t\t\t<\/div>\n\n\t\n\n\t<div id=\"col-1166412852\" class=\"col medium-4 small-12 large-4\"  >\n\t\t\t\t<div class=\"col-inner box-shadow-2 box-shadow-4-hover\"  >\n\t\t\t\n\t\t\t\n\t<div class=\"box has-hover   has-hover box-text-bottom\" >\n\n\t\t<div class=\"box-image\" >\n\t\t\t<a href=\"https:\/\/pcc1.vn\/pcc1-dong-gop-2-ty-dong-vao-quy-vaccine-phong-covid-19\/\" >\t\t\t<div class=\"\" >\n\t\t\t\t<img loading=\"lazy\" decoding=\"async\" width=\"500\" height=\"312\" src=\"https:\/\/pc1epc.vn\/wp-content\/uploads\/2021\/09\/chinh9s.jpg\" class=\"attachment- size-\" alt=\"\" \/>\t\t\t\t\t\t\t\t\t\t\t<\/div>\n\t\t\t<\/a>\t\t<\/div>\n\n\t\t<div class=\"box-text text-center\" style=\"background-color:rgb(255, 255, 255);\">\n\t\t\t<div class=\"box-text-inner\">\n\t\t\t\t\n\t<div id=\"text-2668330981\" class=\"text\">\n\t\t\n<h4>PCC1 \u0111\u00f3ng g\u00f3p 2 t\u1ef7 \u0111\u1ed3ngv\u00e0o qu\u1ef9 VACCINE ph\u00f2ng Covid-19<\/h4>\n\t\t\n<style>\n#text-2668330981 {\n  color: rgb(32, 151, 116);\n}\n#text-2668330981 > * {\n  color: rgb(32, 151, 116);\n}\n<\/style>\n\t<\/div>\n\t\n\t\t\t<\/div>\n\t\t<\/div>\n\t<\/div>\n\t\n\t\t<\/div>\n\t\t\t\t\t<\/div>\n\n\t\n<\/div>\n\n\t\t<\/div>\n\n\t\t\n<style>\n#section_1707072933 {\n  padding-top: 30px;\n  padding-bottom: 30px;\n}\n<\/style>\n\t<\/section>\n\t\n<span class=\"scroll-to\" data-label=\"Scroll to: #lienquan\" data-bullet=\"false\" data-link=\"#lienquan\" data-title=\"Change this\" ><a name=\"lienquan\"><\/a><\/span>\n\n\t<section class=\"section pt-0 pb-0\" id=\"section_1346048692\">\n\t\t<div class=\"section-bg fill\" >\n\t\t\t<img loading=\"lazy\" decoding=\"async\" width=\"1024\" height=\"540\" src=\"https:\/\/pc1epc.vn\/wp-content\/uploads\/2021\/08\/anh-dai-dien-Phu-My-scaled.jpg\" class=\"bg attachment- size-\" alt=\"\" \/>\t\t\t\t\t\t<div class=\"section-bg-overlay absolute fill\"><\/div>\n\t\t\t\n\n\t\t<\/div>\n\n\t\t\n\n\t\t<div class=\"section-content relative\">\n\t\t\t\n<div class=\"row\"  id=\"row-1726629401\">\n\n\t<div id=\"col-1770073991\" class=\"col pb-0 small-12 large-12\"  >\n\t\t\t\t<div class=\"col-inner\"  >\n\t\t\t\n\t\t\t\n<div class=\"container section-title-container\" ><h2 class=\"section-title section-title-center\"><b><\/b><span class=\"section-title-main\" >Related information<\/span><b><\/b><\/h2><\/div>\n\t\t<\/div>\n\t\t\t\t\n<style>\n#col-1770073991 > .col-inner {\n  padding: 28px 0px 0px 0px;\n}\n<\/style>\n\t<\/div>\n\n\t\n\n\t<div id=\"col-2072207224\" class=\"col medium-4 small-12 large-4\"  >\n\t\t\t\t<div class=\"col-inner box-shadow-2 box-shadow-4-hover\"  >\n\t\t\t\n\t\t\t\n\t<div class=\"box has-hover   has-hover box-text-bottom\" >\n\n\t\t<div class=\"box-image\" >\n\t\t\t<a href=\"https:\/\/www.npt.com.vn\/d6\/vi-VN\/news\/Mua-COVID-19-chuyen-nghe-va-chuyen-doi-cua-nhung-nguoi-linh-truyen-tai-6-191-5865\" >\t\t\t<div class=\"\" >\n\t\t\t\t<img loading=\"lazy\" decoding=\"async\" width=\"500\" height=\"312\" src=\"https:\/\/pc1epc.vn\/wp-content\/uploads\/2021\/08\/chinh3s.jpg\" class=\"attachment- size-\" alt=\"\" \/>\t\t\t\t\t\t\t\t\t\t\t<\/div>\n\t\t\t<\/a>\t\t<\/div>\n\n\t\t<div class=\"box-text text-center\" style=\"background-color:rgb(255, 255, 255);\">\n\t\t\t<div class=\"box-text-inner\">\n\t\t\t\t\n\t<div id=\"text-751013800\" class=\"text\">\n\t\t\n<h4>M\u00f9a COVID-19, chuy\u1ec7n ngh\u1ec1 v\u00e0 chuy\u1ec7n \u0111\u1eddi c\u1ee7a nh\u1eefng \u201cng\u01b0\u1eddi l\u00ednh\u201d truy\u1ec1n t\u1ea3i<\/h4>\n\t\t\n<style>\n#text-751013800 {\n  color: rgb(32, 151, 116);\n}\n#text-751013800 > * {\n  color: rgb(32, 151, 116);\n}\n<\/style>\n\t<\/div>\n\t\n\t\t\t<\/div>\n\t\t<\/div>\n\t<\/div>\n\t\n\t\t<\/div>\n\t\t\t\t\t<\/div>\n\n\t\n\n\t<div id=\"col-1705372077\" class=\"col medium-4 small-12 large-4\"  >\n\t\t\t\t<div class=\"col-inner box-shadow-2 box-shadow-4-hover\"  >\n\t\t\t\n\t\t\t\n\t<div class=\"box has-hover   has-hover box-text-bottom\" >\n\n\t\t<div class=\"box-image\" >\n\t\t\t<a href=\"https:\/\/vov.vn\/emagazine\/chuyen-dich-nang-luong-xanh-qua-nhieu-diem-nghen-va-rao-can-854208.vov\" >\t\t\t<div class=\"\" >\n\t\t\t\t<img loading=\"lazy\" decoding=\"async\" width=\"500\" height=\"312\" src=\"https:\/\/pc1epc.vn\/wp-content\/uploads\/2021\/08\/chinh1s.jpg\" class=\"attachment- size-\" alt=\"\" \/>\t\t\t\t\t\t\t\t\t\t\t<\/div>\n\t\t\t<\/a>\t\t<\/div>\n\n\t\t<div class=\"box-text text-center\" style=\"background-color:rgb(255, 255, 255);\">\n\t\t\t<div class=\"box-text-inner\">\n\t\t\t\t\n\t<div id=\"text-2710106364\" class=\"text\">\n\t\t\n<h4>Chuy\u1ec3n d\u1ecbch n\u0103ng l\u01b0\u1ee3ng xanh qu\u00e1 nhi\u1ec1u \u0111i\u1ec3m ngh\u1ebdn v\u00e0 r\u00e0o c\u1ea3n<\/h4>\n\t\t\n<style>\n#text-2710106364 {\n  color: rgb(32, 151, 116);\n}\n#text-2710106364 > * {\n  color: rgb(32, 151, 116);\n}\n<\/style>\n\t<\/div>\n\t\n\t\t\t<\/div>\n\t\t<\/div>\n\t<\/div>\n\t\n\t\t<\/div>\n\t\t\t\t\t<\/div>\n\n\t\n\n\t<div id=\"col-1317324513\" class=\"col medium-4 small-12 large-4\"  >\n\t\t\t\t<div class=\"col-inner box-shadow-2 box-shadow-4-hover\"  >\n\t\t\t\n\t\t\t\n\t<div class=\"box has-hover   has-hover box-text-bottom\" >\n\n\t\t<div class=\"box-image\" >\n\t\t\t<a href=\"https:\/\/nangluongxanh.info.vn\/phat-trien-ben-vung\/xay-dung-chinh-sach-phong-ve-thuong-mai-chu-dong-va-dong-bo.html\" >\t\t\t<div class=\"\" >\n\t\t\t\t<img loading=\"lazy\" decoding=\"async\" width=\"500\" height=\"312\" src=\"https:\/\/pc1epc.vn\/wp-content\/uploads\/2021\/08\/chinh2s.jpg\" class=\"attachment- size-\" alt=\"\" \/>\t\t\t\t\t\t\t\t\t\t\t<\/div>\n\t\t\t<\/a>\t\t<\/div>\n\n\t\t<div class=\"box-text text-center\" style=\"background-color:rgb(255, 255, 255);\">\n\t\t\t<div class=\"box-text-inner\">\n\t\t\t\t\n\t<div id=\"text-378032983\" class=\"text\">\n\t\t\n<h4>X\u00e2y d\u1ef1ng ch\u00ednh s\u00e1ch ph\u00f2ng v\u1ec7 th\u01b0\u01a1ng m\u1ea1i: Ch\u1ee7 \u0111\u1ed9ng v\u00e0 \u0111\u1ed3ng b\u1ed9<\/h4>\n\t\t\n<style>\n#text-378032983 {\n  color: rgb(32, 151, 116);\n}\n#text-378032983 > * {\n  color: rgb(32, 151, 116);\n}\n<\/style>\n\t<\/div>\n\t\n\t\t\t<\/div>\n\t\t<\/div>\n\t<\/div>\n\t\n\t\t<\/div>\n\t\t\t\t\t<\/div>\n\n\t\n<\/div>\n\t\t<\/div>\n\n\t\t\n<style>\n#section_1346048692 {\n  padding-top: 30px;\n  padding-bottom: 30px;\n}\n#section_1346048692 .section-bg-overlay {\n  background-color: rgba(5, 5, 5, 0.512);\n}\n#section_1346048692 .section-bg img {\n  object-position: 64% 100%;\n}\n<\/style>\n\t<\/section>\n\t\n<span class=\"scroll-to\" data-label=\"Scroll to: #phapluat\" data-bullet=\"false\" data-link=\"#phapluat\" data-title=\"Change this\" ><a name=\"phapluat\"><\/a><\/span>\n\n\t<section class=\"section pb-0\" id=\"section_1239309701\">\n\t\t<div class=\"section-bg fill\" >\n\t\t\t\t\t\t\t\t\t\n\t\t\t\n\n\t\t<\/div>\n\n\t\t\n\n\t\t<div class=\"section-content relative\">\n\t\t\t\n<div class=\"row\"  id=\"row-1584835084\">\n\n\t<div id=\"col-7585667\" class=\"col pb-0 small-12 large-12\"  >\n\t\t\t\t<div class=\"col-inner\"  >\n\t\t\t\n\t\t\t\n<div class=\"container section-title-container\" ><h2 class=\"section-title section-title-center\"><b><\/b><span class=\"section-title-main\" >Legislation<\/span><b><\/b><\/h2><\/div>\n\t\t<\/div>\n\t\t\t\t\t<\/div>\n\n\t\n<\/div>\n<div class=\"row\"  id=\"row-505626816\">\n\n\t<div id=\"col-2125051108\" class=\"col medium-4 small-12 large-4\"  >\n\t\t\t\t<div class=\"col-inner box-shadow-2 box-shadow-4-hover\"  >\n\t\t\t\n\t\t\t\n\t<div class=\"box has-hover   has-hover box-text-bottom\" >\n\n\t\t<div class=\"box-image\" >\n\t\t\t<a href=\"http:\/\/chinhphu.vn\/portal\/page\/portal\/chinhphu\/cacchuongtrinhkhoahocvacongnghe\/noidungchuongtrinh?categoryId=100002847&#038;articleId=10050759\" >\t\t\t<div class=\"\" >\n\t\t\t\t<img loading=\"lazy\" decoding=\"async\" width=\"500\" height=\"312\" src=\"https:\/\/pc1epc.vn\/wp-content\/uploads\/2021\/08\/chinh5s.jpg\" class=\"attachment- size-\" alt=\"\" \/>\t\t\t\t\t\t\t\t\t\t\t<\/div>\n\t\t\t<\/a>\t\t<\/div>\n\n\t\t<div class=\"box-text text-center\" style=\"background-color:rgb(255, 255, 255);\">\n\t\t\t<div class=\"box-text-inner\">\n\t\t\t\t\n\t<div id=\"text-3514125632\" class=\"text\">\n\t\t\n<h4>V\u0103n b\u1ea3n ngh\u1ecb \u0111\u1ecbnh ph\u00e1p lu\u1eadt<\/h4>\n\t\t\n<style>\n#text-3514125632 {\n  color: rgb(32, 151, 116);\n}\n#text-3514125632 > * {\n  color: rgb(32, 151, 116);\n}\n<\/style>\n\t<\/div>\n\t\n\t\t\t<\/div>\n\t\t<\/div>\n\t<\/div>\n\t\n\t\t<\/div>\n\t\t\t\t\t<\/div>\n\n\t\n\n\t<div id=\"col-410549021\" class=\"col medium-4 small-12 large-4\"  >\n\t\t\t\t<div class=\"col-inner box-shadow-2 box-shadow-4-hover\"  >\n\t\t\t\n\t\t\t\n\t<div class=\"box has-hover   has-hover box-text-bottom\" >\n\n\t\t<div class=\"box-image\" >\n\t\t\t<a href=\"https:\/\/nangluongxanh.info.vn\/phat-trien-ben-vung\/xay-dung-chinh-sach-phong-ve-thuong-mai-chu-dong-va-dong-bo.html\" >\t\t\t<div class=\"\" >\n\t\t\t\t<img loading=\"lazy\" decoding=\"async\" width=\"500\" height=\"312\" src=\"https:\/\/pc1epc.vn\/wp-content\/uploads\/2021\/08\/chinh4s.jpg\" class=\"attachment- size-\" alt=\"\" \/>\t\t\t\t\t\t\t\t\t\t\t<\/div>\n\t\t\t<\/a>\t\t<\/div>\n\n\t\t<div class=\"box-text text-center\" style=\"background-color:rgb(255, 255, 255);\">\n\t\t\t<div class=\"box-text-inner\">\n\t\t\t\t\n\t<div id=\"text-2146581553\" class=\"text\">\n\t\t\n<h4>X\u00e2y d\u1ef1ng ch\u00ednh s\u00e1ch ph\u00f2ng v\u1ec7 th\u01b0\u01a1ng m\u1ea1i: Ch\u1ee7 \u0111\u1ed9ng v\u00e0 \u0111\u1ed3ng b\u1ed9<\/h4>\n\t\t\n<style>\n#text-2146581553 {\n  color: rgb(32, 151, 116);\n}\n#text-2146581553 > * {\n  color: rgb(32, 151, 116);\n}\n<\/style>\n\t<\/div>\n\t\n\t\t\t<\/div>\n\t\t<\/div>\n\t<\/div>\n\t\n\t\t<\/div>\n\t\t\t\t\t<\/div>\n\n\t\n\n\t<div id=\"col-612152605\" class=\"col medium-4 small-12 large-4\"  >\n\t\t\t\t<div class=\"col-inner box-shadow-2 box-shadow-4-hover\"  >\n\t\t\t\n\t\t\t\n\t<div class=\"box has-hover   has-hover box-text-bottom\" >\n\n\t\t<div class=\"box-image\" >\n\t\t\t<a href=\"https:\/\/moit.gov.vn\/tin-tuc\/thong-bao\/nhung-chinh-sach-co-hieu-luc-tu-thang-09-2021.html\" >\t\t\t<div class=\"\" >\n\t\t\t\t<img loading=\"lazy\" decoding=\"async\" width=\"500\" height=\"312\" src=\"https:\/\/pc1epc.vn\/wp-content\/uploads\/2021\/08\/chinh-sach-moi-noi-bat-thang-2_3101084842.jpg\" class=\"attachment- size-\" alt=\"\" \/>\t\t\t\t\t\t\t\t\t\t\t<\/div>\n\t\t\t<\/a>\t\t<\/div>\n\n\t\t<div class=\"box-text text-center\" style=\"background-color:rgb(255, 255, 255);\">\n\t\t\t<div class=\"box-text-inner\">\n\t\t\t\t\n\t<div id=\"text-697929592\" class=\"text\">\n\t\t\n<h4>Nh\u1eefng ch\u00ednh s\u00e1ch c\u00f3 hi\u1ec7u l\u1ef1c t\u1eeb th\u00e1ng 09\/2021<\/h4>\n\t\t\n<style>\n#text-697929592 {\n  color: rgb(32, 151, 116);\n}\n#text-697929592 > * {\n  color: rgb(32, 151, 116);\n}\n<\/style>\n\t<\/div>\n\t\n\t\t\t<\/div>\n\t\t<\/div>\n\t<\/div>\n\t\n\t\t<\/div>\n\t\t\t\t\t<\/div>\n\n\t\n<\/div>\n\t\t<\/div>\n\n\t\t\n<style>\n#section_1239309701 {\n  padding-top: 30px;\n  padding-bottom: 30px;\n}\n<\/style>\n\t<\/section>\n\t\n<span class=\"scroll-to\" data-label=\"Scroll to: #noibo\" data-bullet=\"false\" data-link=\"#noibo\" data-title=\"Change this\" ><a name=\"noibo\"><\/a><\/span>\n\n\t<section class=\"section pb-0\" id=\"section_798850955\">\n\t\t<div class=\"section-bg fill\" >\n\t\t\t\t\t\t\t\t\t\n\t\t\t\n\n\t\t<\/div>\n\n\t\t\n\n\t\t<div class=\"section-content relative\">\n\t\t\t\n<div class=\"row\"  id=\"row-70303797\">\n\n\t<div id=\"col-1554229393\" class=\"col pb-0 small-12 large-12\"  >\n\t\t\t\t<div class=\"col-inner\"  >\n\t\t\t\n\t\t\t\n<div class=\"container section-title-container\" ><h2 class=\"section-title section-title-center\"><b><\/b><span class=\"section-title-main\" >Internal news<\/span><b><\/b><\/h2><\/div>\n\n\t\t<\/div>\n\t\t\t\t\t<\/div>\n\n\t\n\n\t<div id=\"col-73267278\" class=\"col pb-0 medium-4 small-12 large-4\"  >\n\t\t\t\t<div class=\"col-inner box-shadow-2 box-shadow-4-hover\"  >\n\t\t\t\n\t\t\t\n\t<div class=\"box has-hover   has-hover box-text-bottom\" >\n\n\t\t<div class=\"box-image\" >\n\t\t\t<a href=\"https:\/\/pcc1.vn\/bao-cao-danh-gia-ve-moi-truong-xa-hoi-cua-cac-du-an-nha-may-dien-gio-lien-lap-phong-huy-va-phong-nguyen\/\" >\t\t\t<div class=\"\" >\n\t\t\t\t<img loading=\"lazy\" decoding=\"async\" width=\"500\" height=\"312\" src=\"https:\/\/pc1epc.vn\/wp-content\/uploads\/2021\/09\/chinh10s.jpg\" class=\"attachment- size-\" alt=\"\" \/>\t\t\t\t\t\t\t\t\t\t\t<\/div>\n\t\t\t<\/a>\t\t<\/div>\n\n\t\t<div class=\"box-text text-center\" style=\"background-color:rgb(255, 255, 255);\">\n\t\t\t<div class=\"box-text-inner\">\n\t\t\t\t\n\t<div id=\"text-799327415\" class=\"text\">\n\t\t\n<h4>B\u00e1o c\u00e1o \u0111\u00e1nh gi\u00e1 v\u1ec1 m\u00f4i tr\u01b0\u1eddng, x\u00e3 h\u1ed9i c\u1ee7a c\u00e1c d\u1ef1 \u00e1n nh\u00e0 m\u00e1y \u0111i\u1ec7n gi\u00f3..<\/h4>\n\t\t\n<style>\n#text-799327415 {\n  color: rgb(32, 151, 116);\n}\n#text-799327415 > * {\n  color: rgb(32, 151, 116);\n}\n<\/style>\n\t<\/div>\n\t\n\t\t\t<\/div>\n\t\t<\/div>\n\t<\/div>\n\t\n\t\t<\/div>\n\t\t\t\t\t<\/div>\n\n\t\n\n\t<div id=\"col-1248417723\" class=\"col pb-0 medium-4 small-12 large-4\"  >\n\t\t\t\t<div class=\"col-inner box-shadow-2 box-shadow-4-hover\"  >\n\t\t\t\n\t\t\t\n\t<div class=\"box has-hover   has-hover box-text-bottom\" >\n\n\t\t<div class=\"box-image\" >\n\t\t\t<a href=\"https:\/\/pc1epc.vn\/dong-dien-thanh-cong-tram-110kv-va-dz-dau-noi-da-nha-may-dien-gio-hanbraham\" >\t\t\t<div class=\"\" >\n\t\t\t\t<img loading=\"lazy\" decoding=\"async\" width=\"500\" height=\"312\" src=\"https:\/\/pc1epc.vn\/wp-content\/uploads\/2021\/09\/chinh11s.jpg\" class=\"attachment- size-\" alt=\"\" \/>\t\t\t\t\t\t\t\t\t\t\t<\/div>\n\t\t\t<\/a>\t\t<\/div>\n\n\t\t<div class=\"box-text text-center\" style=\"background-color:rgb(255, 255, 255);\">\n\t\t\t<div class=\"box-text-inner\">\n\t\t\t\t\n\t<div id=\"text-1856326822\" class=\"text\">\n\t\t\n<h4>\u0110\u00f3ng \u0111i\u1ec7n th\u00e0nh c\u00f4ng Tr\u1ea1m 110kV v\u00e0 \u0110Z \u0111\u1ea5u n\u1ed1i DA Nh\u00e0 m\u00e1y \u0111i\u1ec7n gi\u00f3 Hanbraham<\/h4>\n\t\t\n<style>\n#text-1856326822 {\n  color: rgb(32, 151, 116);\n}\n#text-1856326822 > * {\n  color: rgb(32, 151, 116);\n}\n<\/style>\n\t<\/div>\n\t\n\t\t\t<\/div>\n\t\t<\/div>\n\t<\/div>\n\t\n\t\t<\/div>\n\t\t\t\t\t<\/div>\n\n\t\n\n\t<div id=\"col-1684682983\" class=\"col pb-0 medium-4 small-12 large-4\"  >\n\t\t\t\t<div class=\"col-inner box-shadow-2 box-shadow-4-hover\"  >\n\t\t\t\n\t\t\t\n\t<div class=\"box has-hover   has-hover box-text-bottom\" >\n\n\t\t<div class=\"box-image\" >\n\t\t\t<a href=\"https:\/\/pcc1.vn\/thong-qua-ke-hoach-doi-ten-cong-ty-thanh-cong-ty-co-phan-tap-doan-pc1-pc1-group\/\" >\t\t\t<div class=\"\" >\n\t\t\t\t<img loading=\"lazy\" decoding=\"async\" width=\"500\" height=\"312\" src=\"https:\/\/pc1epc.vn\/wp-content\/uploads\/2021\/09\/chinh6s.jpg\" class=\"attachment- size-\" alt=\"\" \/>\t\t\t\t\t\t\t\t\t\t\t<\/div>\n\t\t\t<\/a>\t\t<\/div>\n\n\t\t<div class=\"box-text text-center\" style=\"background-color:rgb(255, 255, 255);\">\n\t\t\t<div class=\"box-text-inner\">\n\t\t\t\t\n\t<div id=\"text-4007217396\" class=\"text\">\n\t\t\n<h4>Th\u00f4ng qua k\u1ebf ho\u1ea1ch \u0111\u1ed5i t\u00ean c\u00f4ng ty th\u00e0nh C\u00f4ng ty C\u1ed5 ph\u1ea7n T\u1eadp \u0111o\u00e0n PC1 (PC1 Group)<\/h4>\n\t\t\n<style>\n#text-4007217396 {\n  color: rgb(32, 151, 116);\n}\n#text-4007217396 > * {\n  color: rgb(32, 151, 116);\n}\n<\/style>\n\t<\/div>\n\t\n\t\t\t<\/div>\n\t\t<\/div>\n\t<\/div>\n\t\n\t\t<\/div>\n\t\t\t\t\t<\/div>\n\n\t\n<\/div>\n\t\t<\/div>\n\n\t\t\n<style>\n#section_798850955 {\n  padding-top: 30px;\n  padding-bottom: 30px;\n}\n<\/style>\n\t<\/section>\n\t\n<div class=\"row\"  id=\"row-1309834722\">\n\n\t<div id=\"col-205625129\" class=\"col pb-0 hide-for-small medium-4 small-12 large-4\"  >\n\t\t\t\t<div class=\"col-inner\"  >\n\t\t\t\n\t\t\t\n\t\t<\/div>\n\t\t\t\t\t<\/div>\n\n\t\n\n\t<div id=\"col-509703386\" class=\"col pb-0 medium-4 small-12 large-4\"  >\n\t\t\t\t<div class=\"col-inner text-center\"  >\n\t\t\t\n\t\t\t\n<a href=\"\/newss\" class=\"button primary box-shadow-1 box-shadow-3-hover reveal-icon\"  style=\"border-radius:12px;\">\n\t\t<span>Read more<\/span>\n\t<i class=\"icon-angle-right\" aria-hidden=\"true\" ><\/i><\/a>\n\n\t\t<\/div>\n\t\t\t\t\t<\/div>\n\n\t\n\n\t<div id=\"col-823941600\" class=\"col pb-0 hide-for-small medium-4 small-12 large-4\"  >\n\t\t\t\t<div class=\"col-inner\"  >\n\t\t\t\n\t\t\t\n\t\t<\/div>\n\t\t\t\t\t<\/div>\n\n\t\n<\/div>\n","protected":false},"excerpt":{"rendered":"","protected":false},"author":16,"featured_media":0,"parent":0,"menu_order":0,"comment_status":"closed","ping_status":"closed","template":"page-blank.php","meta":{"footnotes":""},"yst_prominent_words":[],"class_list":["post-6363","page","type-page","status-publish","hentry"],"_links":{"self":[{"href":"https:\/\/pc1epc.vn\/en\/wp-json\/wp\/v2\/pages\/6363","targetHints":{"allow":["GET"]}}],"collection":[{"href":"https:\/\/pc1epc.vn\/en\/wp-json\/wp\/v2\/pages"}],"about":[{"href":"https:\/\/pc1epc.vn\/en\/wp-json\/wp\/v2\/types\/page"}],"author":[{"embeddable":true,"href":"https:\/\/pc1epc.vn\/en\/wp-json\/wp\/v2\/users\/16"}],"replies":[{"embeddable":true,"href":"https:\/\/pc1epc.vn\/en\/wp-json\/wp\/v2\/comments?post=6363"}],"version-history":[{"count":1,"href":"https:\/\/pc1epc.vn\/en\/wp-json\/wp\/v2\/pages\/6363\/revisions"}],"predecessor-version":[{"id":6367,"href":"https:\/\/pc1epc.vn\/en\/wp-json\/wp\/v2\/pages\/6363\/revisions\/6367"}],"wp:attachment":[{"href":"https:\/\/pc1epc.vn\/en\/wp-json\/wp\/v2\/media?parent=6363"}],"wp:term":[{"taxonomy":"yst_prominent_words","embeddable":true,"href":"https:\/\/pc1epc.vn\/en\/wp-json\/wp\/v2\/yst_prominent_words?post=6363"}],"curies":[{"name":"wp","href":"https:\/\/api.w.org\/{rel}","templated":true}]}}