{"id":6352,"date":"2022-04-14T16:00:36","date_gmt":"2022-04-14T09:00:36","guid":{"rendered":"https:\/\/pc1epc.vn\/?page_id=6352"},"modified":"2022-04-14T16:00:36","modified_gmt":"2022-04-14T09:00:36","slug":"general-constructor-for-power-plant","status":"publish","type":"page","link":"https:\/\/pc1epc.vn\/en\/general-constructor-for-power-plant","title":{"rendered":"General Constructor for Power Plant"},"content":{"rendered":"<div class=\"slider-wrapper relative\" id=\"slider-789020871\" >\n    <div class=\"slider slider-nav-circle slider-nav-large slider-nav-light slider-style-normal\"\n        data-flickity-options='{\n            \"cellAlign\": \"center\",\n            \"imagesLoaded\": true,\n            \"lazyLoad\": 1,\n            \"freeScroll\": false,\n            \"wrapAround\": true,\n            \"autoPlay\": 6000,\n            \"pauseAutoPlayOnHover\" : true,\n            \"prevNextButtons\": true,\n            \"contain\" : true,\n            \"adaptiveHeight\" : true,\n            \"dragThreshold\" : 10,\n            \"percentPosition\": true,\n            \"pageDots\": true,\n            \"rightToLeft\": false,\n            \"draggable\": true,\n            \"selectedAttraction\": 0.1,\n            \"parallax\" : 0,\n            \"friction\": 0.6        }'\n        >\n        \n\n  <div class=\"banner has-hover\" id=\"banner-1354711066\">\n          <div class=\"banner-inner fill\">\n        <div class=\"banner-bg fill\" >\n            <img loading=\"lazy\" decoding=\"async\" width=\"1020\" height=\"680\" src=\"https:\/\/pc1epc.vn\/wp-content\/uploads\/2021\/08\/z2724164303496_b291104caa9aed1b4958b4dcd24cb8da-1200x800.jpg\" class=\"bg attachment-large size-large\" alt=\"\" \/>                        <div class=\"overlay\"><\/div>            \n                    <\/div>\n\t\t\n        <div class=\"banner-layers container\">\n            <div class=\"fill banner-link\"><\/div>            \n   <div id=\"text-box-1618512026\" class=\"text-box banner-layer x50 md-x50 lg-x50 y15 md-y15 lg-y15 res-text\">\n                                <div class=\"text-box-content text dark\">\n              \n              <div class=\"text-inner text-center\">\n                  \n<h3 class=\"uppercase\"><strong>General Constructor for Power Plant<\/strong><\/h3>\n              <\/div>\n           <\/div>\n                            \n<style>\n#text-box-1618512026 {\n  width: 70%;\n}\n#text-box-1618512026 .text-box-content {\n  font-size: 100%;\n}\n<\/style>\n    <\/div>\n \n        <\/div>\n      <\/div>\n\n            \n<style>\n#banner-1354711066 {\n  padding-top: 30%;\n}\n#banner-1354711066 .overlay {\n  background-color: rgba(0, 0, 0, 0.262);\n}\n#banner-1354711066 .banner-bg img {\n  object-position: 72% 89%;\n}\n<\/style>\n  <\/div>\n\n\n     <\/div>\n\n     <div class=\"loading-spin dark large centered\"><\/div>\n\n\t<\/div>\n\n\n\n\t<section class=\"section pb-0\" id=\"section_53072708\">\n\t\t<div class=\"section-bg fill\" >\n\t\t\t\t\t\t\t\t\t\n\t\t\t\n\n\t\t<\/div>\n\n\t\t\n\n\t\t<div class=\"section-content relative\">\n\t\t\t\n<div class=\"row\"  id=\"row-2078561049\">\n\n\t<div id=\"col-2077204404\" class=\"col pb-0 small-12 large-12\"  >\n\t\t\t\t<div class=\"col-inner\"  >\n\t\t\t\n\t\t\t\n<div class=\"container section-title-container\" ><h2 class=\"section-title section-title-center\"><b><\/b><span class=\"section-title-main\" >Implementing projects<\/span><b><\/b><\/h2><\/div>\n\t\t<\/div>\n\t\t\t\t\t<\/div>\n\n\t\n<\/div>\n<div class=\"row\"  id=\"row-1467562823\">\n\n\t<div id=\"col-1205693869\" class=\"col medium-4 small-12 large-4\"  >\n\t\t\t\t<div class=\"col-inner box-shadow-2 box-shadow-4-hover\"  >\n\t\t\t\n\t\t\t\n\t<div class=\"box has-hover   has-hover box-text-bottom\" >\n\n\t\t<div class=\"box-image\" >\n\t\t\t<a href=\"\/ia-bang-wind-power-project-50-mw\" >\t\t\t<div class=\"\" >\n\t\t\t\t<img loading=\"lazy\" decoding=\"async\" width=\"710\" height=\"405\" src=\"https:\/\/pc1epc.vn\/wp-content\/uploads\/2021\/08\/Duan2s.jpg\" class=\"attachment- size-\" alt=\"\" srcset=\"https:\/\/pc1epc.vn\/wp-content\/uploads\/2021\/08\/Duan2s.jpg 710w, https:\/\/pc1epc.vn\/wp-content\/uploads\/2021\/08\/Duan2s-510x291.jpg 510w, https:\/\/pc1epc.vn\/wp-content\/uploads\/2021\/08\/Duan2s-702x400.jpg 702w, https:\/\/pc1epc.vn\/wp-content\/uploads\/2021\/08\/Duan2s-768x438.jpg 768w, https:\/\/pc1epc.vn\/wp-content\/uploads\/2021\/08\/Duan2s-600x342.jpg 600w\" sizes=\"auto, (max-width: 710px) 100vw, 710px\" \/>\t\t\t\t\t\t\t\t\t\t\t<\/div>\n\t\t\t<\/a>\t\t<\/div>\n\n\t\t<div class=\"box-text text-center\" >\n\t\t\t<div class=\"box-text-inner\">\n\t\t\t\t\n<h4 style=\"font-size: 16px;\"><a href=\"\/ia-bang-wind-power-project-50-mw\">IA BANG Wind Power Project &#8211; 50 MW<br \/>\n<\/a><\/h4>\n\t\t\t<\/div>\n\t\t<\/div>\n\t<\/div>\n\t\n\t\t<\/div>\n\t\t\t\t\n<style>\n#col-1205693869 > .col-inner {\n  border-radius: 12px;\n}\n<\/style>\n\t<\/div>\n\n\t\n\n\t<div id=\"col-1188763955\" class=\"col medium-4 small-12 large-4\"  >\n\t\t\t\t<div class=\"col-inner box-shadow-2 box-shadow-4-hover\"  >\n\t\t\t\n\t\t\t\n\t<div class=\"box has-hover   has-hover box-text-bottom\" >\n\n\t\t<div class=\"box-image\" >\n\t\t\t<a href=\"\/dau-tieng-solar-power-plant-project-500-mw\" >\t\t\t<div class=\"image-cover\" style=\"padding-top:225px;\">\n\t\t\t\t\t\t\t\t\t\t\t\t\t\t\t<\/div>\n\t\t\t<\/a>\t\t<\/div>\n\n\t\t<div class=\"box-text text-center\" >\n\t\t\t<div class=\"box-text-inner\">\n\t\t\t\t\n<h4 style=\"font-size: 16px;\"><a href=\"#\">T\u00e2n Ph\u00fa \u0110\u00f4ng 1 Wind Power Project<\/a><\/h4>\n\t\t\t<\/div>\n\t\t<\/div>\n\t<\/div>\n\t\n\t\t<\/div>\n\t\t\t\t\n<style>\n#col-1188763955 > .col-inner {\n  border-radius: 12px;\n}\n<\/style>\n\t<\/div>\n\n\t\n\n\t<div id=\"col-1440220331\" class=\"col medium-4 small-12 large-4\"  >\n\t\t\t\t<div class=\"col-inner box-shadow-2 box-shadow-4-hover\"  >\n\t\t\t\n\t\t\t\n\t<div class=\"box has-hover   has-hover box-text-bottom\" >\n\n\t\t<div class=\"box-image\" >\n\t\t\t<a href=\"\/lien-lap-phong-huy-phong-nguyen-wind-power-plant-3-x-48-mw\" >\t\t\t<div class=\"\" >\n\t\t\t\t<img loading=\"lazy\" decoding=\"async\" width=\"710\" height=\"405\" src=\"https:\/\/pc1epc.vn\/wp-content\/uploads\/2021\/08\/Duan3s.jpg\" class=\"attachment- size-\" alt=\"\" srcset=\"https:\/\/pc1epc.vn\/wp-content\/uploads\/2021\/08\/Duan3s.jpg 710w, https:\/\/pc1epc.vn\/wp-content\/uploads\/2021\/08\/Duan3s-510x291.jpg 510w, https:\/\/pc1epc.vn\/wp-content\/uploads\/2021\/08\/Duan3s-702x400.jpg 702w, https:\/\/pc1epc.vn\/wp-content\/uploads\/2021\/08\/Duan3s-768x438.jpg 768w, https:\/\/pc1epc.vn\/wp-content\/uploads\/2021\/08\/Duan3s-600x342.jpg 600w\" sizes=\"auto, (max-width: 710px) 100vw, 710px\" \/>\t\t\t\t\t\t\t\t\t\t\t<\/div>\n\t\t\t<\/a>\t\t<\/div>\n\n\t\t<div class=\"box-text text-center\" >\n\t\t\t<div class=\"box-text-inner\">\n\t\t\t\t\n<h4 style=\"font-size: 16px;\"><a href=\"\/lien-lap-phong-huy-phong-nguyen-wind-power-plant-3-x-48-mw\">Li\u00ean L\u1eadp, Phong Huy, Phong Nguy\u00ean Wind Power project<\/a><\/h4>\n\t\t\t<\/div>\n\t\t<\/div>\n\t<\/div>\n\t\n\t\t<\/div>\n\t\t\t\t\n<style>\n#col-1440220331 > .col-inner {\n  border-radius: 12px;\n}\n<\/style>\n\t<\/div>\n\n\t\n<\/div>\n\t<div id=\"gap-1590407259\" class=\"gap-element clearfix\" style=\"display:block; height:auto;\">\n\t\t\n<style>\n#gap-1590407259 {\n  padding-top: 30px;\n}\n<\/style>\n\t<\/div>\n\t\n<div class=\"row\"  id=\"row-581343113\">\n\n\t<div id=\"col-1811776784\" class=\"col pb-0 small-12 large-12\"  >\n\t\t\t\t<div class=\"col-inner\"  >\n\t\t\t\n\t\t\t\n<div class=\"container section-title-container\" ><h2 class=\"section-title section-title-center\"><b><\/b><span class=\"section-title-main\" >Completed projects<\/span><b><\/b><\/h2><\/div>\n\t\t<\/div>\n\t\t\t\t\t<\/div>\n\n\t\n<\/div>\n<div class=\"row\"  id=\"row-781592665\">\n\n\t<div id=\"col-1561204227\" class=\"col medium-4 small-12 large-4\"  >\n\t\t\t\t<div class=\"col-inner box-shadow-2 box-shadow-4-hover\"  >\n\t\t\t\n\t\t\t\n\t<div class=\"box has-hover   has-hover box-text-bottom\" >\n\n\t\t<div class=\"box-image\" >\n\t\t\t<a href=\"\/dai-phong-wind-power-plant-50mw\" >\t\t\t<div class=\"\" >\n\t\t\t\t<img loading=\"lazy\" decoding=\"async\" width=\"1183\" height=\"674\" src=\"https:\/\/pc1epc.vn\/wp-content\/uploads\/2021\/08\/Duan8s.jpg\" class=\"attachment- size-\" alt=\"\" srcset=\"https:\/\/pc1epc.vn\/wp-content\/uploads\/2021\/08\/Duan8s.jpg 1183w, https:\/\/pc1epc.vn\/wp-content\/uploads\/2021\/08\/Duan8s-510x291.jpg 510w, https:\/\/pc1epc.vn\/wp-content\/uploads\/2021\/08\/Duan8s-702x400.jpg 702w, https:\/\/pc1epc.vn\/wp-content\/uploads\/2021\/08\/Duan8s-768x438.jpg 768w, https:\/\/pc1epc.vn\/wp-content\/uploads\/2021\/08\/Duan8s-600x342.jpg 600w\" sizes=\"auto, (max-width: 1183px) 100vw, 1183px\" \/>\t\t\t\t\t\t\t\t\t\t\t<\/div>\n\t\t\t<\/a>\t\t<\/div>\n\n\t\t<div class=\"box-text text-center\" >\n\t\t\t<div class=\"box-text-inner\">\n\t\t\t\t\n<h4 style=\"font-size: 16px;\"><a href=\"\/dai-phong-wind-power-plant-50mw\">\u0110\u1ea1i Phong Wind Power Plant <\/a><\/h4>\n\t\t\t<\/div>\n\t\t<\/div>\n\t<\/div>\n\t\n\t\t<\/div>\n\t\t\t\t\n<style>\n#col-1561204227 > .col-inner {\n  border-radius: 12px;\n}\n<\/style>\n\t<\/div>\n\n\t\n\n\t<div id=\"col-2111752653\" class=\"col medium-4 small-12 large-4\"  >\n\t\t\t\t<div class=\"col-inner box-shadow-2 box-shadow-4-hover\"  >\n\t\t\t\n\t\t\t\n\t<div class=\"box has-hover   has-hover box-text-bottom\" >\n\n\t\t<div class=\"box-image\" >\n\t\t\t<a href=\"\/dam-nai-2-wind-power-plant-110kv-63mva-substation-and-connection-line\" >\t\t\t<div class=\"\" >\n\t\t\t\t<img loading=\"lazy\" decoding=\"async\" width=\"1183\" height=\"674\" src=\"https:\/\/pc1epc.vn\/wp-content\/uploads\/2021\/08\/Duan9s.jpg\" class=\"attachment- size-\" alt=\"\" srcset=\"https:\/\/pc1epc.vn\/wp-content\/uploads\/2021\/08\/Duan9s.jpg 1183w, https:\/\/pc1epc.vn\/wp-content\/uploads\/2021\/08\/Duan9s-510x291.jpg 510w, https:\/\/pc1epc.vn\/wp-content\/uploads\/2021\/08\/Duan9s-702x400.jpg 702w, https:\/\/pc1epc.vn\/wp-content\/uploads\/2021\/08\/Duan9s-768x438.jpg 768w, https:\/\/pc1epc.vn\/wp-content\/uploads\/2021\/08\/Duan9s-600x342.jpg 600w\" sizes=\"auto, (max-width: 1183px) 100vw, 1183px\" \/>\t\t\t\t\t\t\t\t\t\t\t<\/div>\n\t\t\t<\/a>\t\t<\/div>\n\n\t\t<div class=\"box-text text-center\" >\n\t\t\t<div class=\"box-text-inner\">\n\t\t\t\t\n<h4 style=\"font-size: 16px;\"><a href=\"\/dam-nai-2-wind-power-plant-110kv-63mva-substation-and-connection-line\">\u0110\u1ea7m N\u1ea1i 2 Wind Power Project<\/a><\/h4>\n\t\t\t<\/div>\n\t\t<\/div>\n\t<\/div>\n\t\n\t\t<\/div>\n\t\t\t\t\n<style>\n#col-2111752653 > .col-inner {\n  border-radius: 12px;\n}\n<\/style>\n\t<\/div>\n\n\t\n\n\t<div id=\"col-953240097\" class=\"col medium-4 small-12 large-4\"  >\n\t\t\t\t<div class=\"col-inner box-shadow-2 box-shadow-4-hover\"  >\n\t\t\t\n\t\t\t\n\t<div class=\"box has-hover   has-hover box-text-bottom\" >\n\n\t\t<div class=\"box-image\" >\n\t\t\t<a href=\"\/tan-phu-dong-2-wind-power-plant-50-mw\" >\t\t\t<div class=\"\" >\n\t\t\t\t<img loading=\"lazy\" decoding=\"async\" width=\"1183\" height=\"674\" src=\"https:\/\/pc1epc.vn\/wp-content\/uploads\/2021\/08\/Duan14.jpg\" class=\"attachment- size-\" alt=\"\" srcset=\"https:\/\/pc1epc.vn\/wp-content\/uploads\/2021\/08\/Duan14.jpg 1183w, https:\/\/pc1epc.vn\/wp-content\/uploads\/2021\/08\/Duan14-510x291.jpg 510w, https:\/\/pc1epc.vn\/wp-content\/uploads\/2021\/08\/Duan14-702x400.jpg 702w, https:\/\/pc1epc.vn\/wp-content\/uploads\/2021\/08\/Duan14-768x438.jpg 768w, https:\/\/pc1epc.vn\/wp-content\/uploads\/2021\/08\/Duan14-600x342.jpg 600w\" sizes=\"auto, (max-width: 1183px) 100vw, 1183px\" \/>\t\t\t\t\t\t\t\t\t\t\t<\/div>\n\t\t\t<\/a>\t\t<\/div>\n\n\t\t<div class=\"box-text text-center\" >\n\t\t\t<div class=\"box-text-inner\">\n\t\t\t\t\n<h4 style=\"font-size: 16px;\"><a href=\"\/tan-phu-dong-2-wind-power-plant-50-mw\">T\u00e2n Ph\u00fa \u0110\u00f4ng 2 Wind Power Project<\/a><\/h4>\n\t\t\t<\/div>\n\t\t<\/div>\n\t<\/div>\n\t\n\t\t<\/div>\n\t\t\t\t\n<style>\n#col-953240097 > .col-inner {\n  border-radius: 12px;\n}\n<\/style>\n\t<\/div>\n\n\t\n<\/div>\n<div class=\"row\"  id=\"row-1539655195\">\n\n\t<div id=\"col-1895139759\" class=\"col pb-0 hide-for-small medium-4 small-12 large-4\"  >\n\t\t\t\t<div class=\"col-inner\"  >\n\t\t\t\n\t\t\t\n\t\t<\/div>\n\t\t\t\t\t<\/div>\n\n\t\n\n\t<div id=\"col-2136535545\" class=\"col pb-0 medium-4 small-12 large-4\"  >\n\t\t\t\t<div class=\"col-inner text-center\"  >\n\t\t\t\n\t\t\t\n<a href=\"\/project\" class=\"button primary is-shade box-shadow-1 box-shadow-3-hover\"  style=\"border-radius:15px;\">\n\t\t<span>read more<\/span>\n\t<\/a>\n\n\t\t<\/div>\n\t\t\t\t\t<\/div>\n\n\t\n\n\t<div id=\"col-601373696\" class=\"col pb-0 hide-for-small medium-4 small-12 large-4\"  >\n\t\t\t\t<div class=\"col-inner\"  >\n\t\t\t\n\t\t\t\n\t\t<\/div>\n\t\t\t\t\t<\/div>\n\n\t\n<\/div>\n\t\t<\/div>\n\n\t\t\n<style>\n#section_53072708 {\n  padding-top: 30px;\n  padding-bottom: 30px;\n}\n<\/style>\n\t<\/section>\n\t\n","protected":false},"excerpt":{"rendered":"","protected":false},"author":16,"featured_media":0,"parent":0,"menu_order":0,"comment_status":"closed","ping_status":"closed","template":"page-blank.php","meta":{"footnotes":""},"yst_prominent_words":[],"class_list":["post-6352","page","type-page","status-publish","hentry"],"_links":{"self":[{"href":"https:\/\/pc1epc.vn\/en\/wp-json\/wp\/v2\/pages\/6352","targetHints":{"allow":["GET"]}}],"collection":[{"href":"https:\/\/pc1epc.vn\/en\/wp-json\/wp\/v2\/pages"}],"about":[{"href":"https:\/\/pc1epc.vn\/en\/wp-json\/wp\/v2\/types\/page"}],"author":[{"embeddable":true,"href":"https:\/\/pc1epc.vn\/en\/wp-json\/wp\/v2\/users\/16"}],"replies":[{"embeddable":true,"href":"https:\/\/pc1epc.vn\/en\/wp-json\/wp\/v2\/comments?post=6352"}],"version-history":[{"count":1,"href":"https:\/\/pc1epc.vn\/en\/wp-json\/wp\/v2\/pages\/6352\/revisions"}],"predecessor-version":[{"id":6353,"href":"https:\/\/pc1epc.vn\/en\/wp-json\/wp\/v2\/pages\/6352\/revisions\/6353"}],"wp:attachment":[{"href":"https:\/\/pc1epc.vn\/en\/wp-json\/wp\/v2\/media?parent=6352"}],"wp:term":[{"taxonomy":"yst_prominent_words","embeddable":true,"href":"https:\/\/pc1epc.vn\/en\/wp-json\/wp\/v2\/yst_prominent_words?post=6352"}],"curies":[{"name":"wp","href":"https:\/\/api.w.org\/{rel}","templated":true}]}}